{"id":15149,"date":"2025-10-24T17:42:06","date_gmt":"2025-10-24T17:42:06","guid":{"rendered":"https:\/\/bangkokherping.com\/?page_id=15149"},"modified":"2025-10-31T02:59:56","modified_gmt":"2025-10-31T02:59:56","slug":"conditions-generales-dutilisation","status":"publish","type":"page","link":"https:\/\/bangkokherping.com\/zh\/conditions-generales-dutilisation\/","title":{"rendered":"\u4f7f\u7528\u6761\u6b3e\u548c\u6761\u4ef6"},"content":{"rendered":"<div data-elementor-type=\"wp-page\" data-elementor-id=\"15149\" class=\"elementor elementor-15149\">\n\t\t\t\t<div class=\"elementor-element elementor-element-25f67162 e-flex e-con-boxed e-con e-parent\" data-id=\"25f67162\" data-element_type=\"container\">\n\t\t\t\t\t<div class=\"e-con-inner\">\n\t\t\t\t<div class=\"elementor-element elementor-element-23c225b1 elementor-widget elementor-widget-text-editor\" data-id=\"23c225b1\" data-element_type=\"widget\" data-widget_type=\"text-editor.default\">\n\t\t\t\t\t\t\t\t\t\n<h1 class=\"wp-block-heading\">\u4e00\u822c\u4f7f\u7528\u6761\u6b3e\u548c\u6761\u4ef6\uff08GTCU\uff09<\/h1>\n\n<p>\u6700\u540e\u66f4\u65b0\u65e5\u671f\uff1a 2025 \u5e74 12 \u6708 1 \u65e5<\/p>\n\n<h2 class=\"wp-block-heading\">\u7b2c 1 \u6761\uff1a\u5b97\u65e8<\/h2>\n\n<p>\u672c\u300a\u4e00\u822c\u4f7f\u7528\u6761\u6b3e\u548c\u6761\u4ef6\u300b\uff08\u4ee5\u4e0b\u7b80\u79f0 \u00abGTCU\u00bb\uff09\u65e8\u5728\u786e\u5b9a [Bangkok Herping Tour] \u5411\u5176\u7528\u6237\uff08\u4ee5\u4e0b\u7b80\u79f0 \u00bb\u7528\u6237\u2019\uff09\u63d0\u4f9b Bangkokherping.com \u7f51\u7ad9\uff08\u4ee5\u4e0b\u7b80\u79f0 \u00ab\u7f51\u7ad9\u00bb\uff09\u548c\/\u6216\u76f8\u5173\u670d\u52a1\u7684\u6761\u6b3e\u548c\u6761\u4ef6\uff0c\u4ee5\u53ca\u7528\u6237\u8bbf\u95ee\u548c\u4f7f\u7528\u8fd9\u4e9b\u670d\u52a1\u7684\u65b9\u5f0f\u3002.<\/p>\n\n<p>\u4efb\u4f55\u4e0e\u672c\u7f51\u7ad9\u7684\u8fde\u63a5\u548c\/\u6216\u4f7f\u7528\u672c\u7f51\u7ad9\u63d0\u4f9b\u7684\u670d\u52a1\u5747\u610f\u5473\u7740\u7528\u6237\u6beb\u65e0\u4fdd\u7559\u5730\u63a5\u53d7\u8fd9\u4e9b GCU\u3002.<\/p>\n\n<h2 class=\"wp-block-heading\">\u7b2c 2 \u6761\uff1a\u5b9a\u4e49<\/h2>\n\n<ul class=\"wp-block-list\">\n<li>\u7f51\u7ad9\uff1a\u6307\u53ef\u5728 Bangkokherping.com \u8bbf\u95ee\u7684\u7f51\u7ad9\uff08\u548c\/\u6216\u79fb\u52a8\u5e94\u7528\u7a0b\u5e8f\uff0c\u5982\u9002\u7528\uff09\u3002.<\/li>\n\n<li>\u7528\u6237\uff1a\u6307\u4f7f\u7528\u672c\u7f51\u7ad9\u6216\u672c\u7f51\u7ad9\u63d0\u4f9b\u7684\u4efb\u4f55\u670d\u52a1\u7684\u4efb\u4f55\u4eba\u3002.<\/li>\n\n<li>\u51fa\u7248\u5546\uff1a\u6307\u8d1f\u8d23\u672c\u7f51\u7ad9\u51fa\u7248\u548c\u8fd0\u8425\u7684\u516c\u53f8 Bangkok Herping Tour\u3002.<\/li>\n\n<li>\u670d\u52a1\uff1a\u6307\u53d1\u5e03\u8005\u5728\u7f51\u7ad9\u4e0a\u63d0\u4f9b\u7684\u6240\u6709\u529f\u80fd\u548c\u670d\u52a1\uff08\u5982\u54a8\u8be2\u6587\u7ae0\u3001\u521b\u5efa\u8d26\u6237\u3001\u8bba\u575b\u7b49\uff09\u3002.<\/li>\n<\/ul>\n\n<h2 class=\"wp-block-heading\">\u7b2c 3 \u6761\uff1a\u6cd5\u5f8b\u4fe1\u606f<\/h2>\n\n<p>\u7f51\u7ad9\u7531 \uff1a<\/p>\n\n<ul class=\"wp-block-list\">\n<li>Bangkok Herping Tour Co.Ltd \/ \u66fc\u8c37<\/li>\n<\/ul>\n\n<p>\u672c\u7f51\u7ad9\u7531 \uff1a<\/p>\n\n<ul class=\"wp-block-list\">\n<li>OVH \/ 2 rue Kellermann - BP 80157 - 59053 Roubaix Cedex 1 - France<\/li>\n<\/ul>\n\n<h2 class=\"wp-block-heading\">\u7b2c 4 \u6761\uff1a\u51c6\u5165\u548c\u767b\u8bb0<\/h2>\n\n<h3 class=\"wp-block-heading\">4.1.\u8fdb\u5165\u7f51\u7ad9<\/h3>\n\n<p>\u4efb\u4f55\u80fd\u4e0a\u7f51\u7684\u7528\u6237\u5747\u53ef\u514d\u8d39\u8bbf\u95ee\u672c\u7f51\u7ad9\u3002\u4e0e\u8bbf\u95ee\u6709\u5173\u7684\u6240\u6709\u8d39\u7528\uff08\u786c\u4ef6\u3001\u8f6f\u4ef6\u3001\u4e92\u8054\u7f51\u8fde\u63a5\uff09\u5747\u7531\u7528\u6237\u81ea\u884c\u627f\u62c5\u3002.<\/p>\n\n<h3 class=\"wp-block-heading\">4.2 \u6ce8\u518c\u548c\u7528\u6237\u8d26\u6237<\/h3>\n\n<p>\u4f7f\u7528\u67d0\u4e9b\u670d\u52a1\u9700\u8981\u521b\u5efa\u8d26\u6237\u3002\u6ce8\u518c\u65f6\uff0c\u7528\u6237\u627f\u8bfa\u63d0\u4f9b\u51c6\u786e\u3001\u5b8c\u6574\u7684\u4fe1\u606f\u5e76\u4fdd\u6301\u66f4\u65b0\u3002\u767b\u5f55\u540d\u548c\u5bc6\u7801\u5c5e\u4e8e\u4e2a\u4eba\u673a\u5bc6\u3002\u7528\u6237\u5bf9\u5176\u4f7f\u7528\u627f\u62c5\u5168\u90e8\u8d23\u4efb\uff0c\u5e76\u627f\u8bfa\u7acb\u5373\u901a\u77e5\u53d1\u5e03\u8005\u4efb\u4f55\u672a\u7ecf\u6388\u6743\u7684\u4f7f\u7528\u3002.<\/p>\n\n<h2 class=\"wp-block-heading\">\u7b2c 5 \u6761\uff1a\u7f51\u7ad9\u4f7f\u7528\u548c\u7528\u6237\u4e49\u52a1<\/h2>\n\n<p>\u7528\u6237\u627f\u8bfa\u4ee5\u516c\u5e73\u3001\u5408\u6cd5\u7684\u65b9\u5f0f\u4f7f\u7528\u672c\u7f51\u7ad9\u548c\u670d\u52a1\uff0c\u5e76\u9075\u5b88\u672c GCU\u3002.<\/p>\n\n<p>\u7528\u6237\u5c24\u5176\u627f\u8bfa\u4e0d<\/p>\n\n<ul class=\"wp-block-list\">\n<li>\u5c06\u672c\u7f51\u7ad9\u7528\u4e8e\u975e\u6cd5\u6216\u6b3a\u8bc8\u76ee\u7684\u3002.<\/li>\n\n<li>\u7834\u574f\u516c\u5171\u79e9\u5e8f\u6216\u9053\u5fb7\u3002.<\/li>\n\n<li>\u53d1\u5e03\u3001\u4f20\u8f93\u6216\u63d0\u4f9b\u4efb\u4f55\u975e\u6cd5\u3001\u6709\u5bb3\u3001\u5a01\u80c1\u3001\u8fb1\u9a82\u3001\u8bfd\u8c24\u6216\u6deb\u79fd\u5185\u5bb9\u3002.<\/li>\n\n<li>\u8bd5\u56fe\u6e17\u900f\u6216\u7834\u574f\u51fa\u7248\u5546\u7684\u7cfb\u7edf\u6216\u5229\u7528\u5b89\u5168\u6f0f\u6d1e\u3002.<\/li>\n\n<li>\u672a\u7ecf\u5176\u4ed6\u7528\u6237\u660e\u786e\u540c\u610f\uff0c\u63d0\u53d6\u6216\u6536\u96c6\u5176\u4e2a\u4eba\u4fe1\u606f\u3002.<\/li>\n<\/ul>\n\n<p>\u5982\u679c\u7528\u6237\u8fdd\u53cd\u672c\u6761\u6b3e\u89c4\u5b9a\u7684\u4e49\u52a1\uff0c\u53d1\u884c\u65b9\u6709\u6743\u6682\u505c\u6216\u5220\u9664\u7528\u6237\u7684\u8d26\u6237\uff0c\u5e76\u62d2\u7edd\u7528\u6237\u8bbf\u95ee\u7f51\u7ad9\u3002.<\/p>\n\n<h2 class=\"wp-block-heading\">\u7b2c 6 \u6761\uff1a\u77e5\u8bc6\u4ea7\u6743<\/h2>\n\n<p>\u672c\u7f51\u7ad9\u7684\u6240\u6709\u5143\u7d20\uff08\u6587\u672c\u3001\u56fe\u50cf\u3001\u56fe\u5f62\u3001\u5fbd\u6807\u3001\u5546\u6807\u7b49\uff09\uff0c\u5305\u62ec\u57fa\u7840\u6280\u672f\uff0c\u5747\u53d7\u7248\u6743\u548c\/\u6216\u5546\u6807\u6cd5\u7684\u4fdd\u62a4\uff0c\u662f\u51fa\u7248\u5546\u7684\u4e13\u6709\u8d22\u4ea7\uff0c\u6216\u7ecf\u5176\u6240\u6709\u8005\u6388\u6743\u4f7f\u7528\u3002.<\/p>\n\n<p>\u672a\u7ecf\u51fa\u7248\u5546\u4e8b\u5148\u4e66\u9762\u6388\u6743\uff0c\u7981\u6b62\u4ee5\u4efb\u4f55\u65b9\u5f0f\u6216\u7a0b\u5e8f\u5bf9\u672c\u7f51\u7ad9\u7684\u5168\u90e8\u6216\u90e8\u5206\u5185\u5bb9\u8fdb\u884c\u590d\u5236\u3001\u5c55\u793a\u3001\u4fee\u6539\u3001\u51fa\u7248\u6216\u6539\u7f16\u3002.<\/p>\n\n<h2 class=\"wp-block-heading\">\u7b2c 7 \u6761\uff1a\u8d23\u4efb<\/h2>\n\n<h3 class=\"wp-block-heading\">7.1.\u51fa\u7248\u8005\u7684\u8d23\u4efb<\/h3>\n\n<p>\u53d1\u884c\u65b9\u5c3d\u529b\u786e\u4fdd\u7f51\u7ad9\u548c\u670d\u52a1\u7684\u53ef\u8bbf\u95ee\u6027\u548c\u6b63\u5e38\u8fd0\u884c\u3002\u4f46\u662f\uff0c\u53d1\u884c\u65b9\u4e0d\u53d7\u4efb\u4f55\u7ed3\u679c\u4e49\u52a1\u7684\u7ea6\u675f\uff0c\u5e76\u62d2\u7edd\u627f\u62c5\u4efb\u4f55\u8d23\u4efb\uff1a<\/p>\n\n<ul class=\"wp-block-list\">\n<li>\u5728\u672c\u7f51\u7ad9\u51fa\u73b0\u4e2d\u65ad\u3001\u6545\u969c\u3001\u4fee\u6539\u6216\u5931\u7075\u7684\u60c5\u51b5\u4e0b\u3002.<\/li>\n\n<li>\u56e0\u7b2c\u4e09\u65b9\u6b3a\u8bc8\u6027\u5165\u4fb5\u5bfc\u81f4\u7f51\u7ad9\u4fe1\u606f\u88ab\u4fee\u6539\u800c\u9020\u6210\u7684\u635f\u5931\u3002.<\/li>\n\n<li>\u5982\u679c\u7528\u6237\u56e0\u758f\u5ffd\u6216\u4e0d\u5f53\u4f7f\u7528\u672c\u7f51\u7ad9\u800c\u9020\u6210\u635f\u5bb3\u3002.<\/li>\n<\/ul>\n\n<h3 class=\"wp-block-heading\">7.2.\u7528\u6237\u53d1\u5e03\u7684\u5185\u5bb9\uff08\u5982\u9002\u7528\uff09<\/h3>\n\n<p>\u7528\u6237\u5bf9\u5176\u5728\u7f51\u7ad9\u4e0a\u53d1\u5e03\u7684\u5185\u5bb9\uff08\u6587\u5b57\u3001\u56fe\u7247\u3001\u94fe\u63a5\u7b49\uff09\u8d1f\u5168\u90e8\u8d23\u4efb\u3002\u53d1\u5e03\u8005\u4f5c\u4e3a\u8fd9\u4e9b\u5185\u5bb9\u7684\u4e3b\u673a\uff0c\u4fdd\u7559\u5728\u4e0d\u4e8b\u5148\u901a\u77e5\u7684\u60c5\u51b5\u4e0b\u5220\u9664\u4efb\u4f55\u660e\u663e\u975e\u6cd5\u5185\u5bb9\u7684\u6743\u5229\u3002.<\/p>\n\n<h2 class=\"wp-block-heading\">\u7b2c 8 \u6761\uff1a\u8d85\u94fe\u63a5<\/h2>\n\n<p>\u672c\u7f51\u7ad9\u53ef\u80fd\u5305\u542b\u6307\u5411\u7b2c\u4e09\u65b9\u7f51\u7ad9\u7684\u8d85\u6587\u672c\u94fe\u63a5\u3002\u7f16\u8f91\u4e0d\u5bf9\u8fd9\u4e9b\u7f51\u7ad9\u7684\u53ef\u7528\u6027\u6216\u5185\u5bb9\u8d1f\u8d23\uff0c\u4e5f\u4e0d\u5bf9\u8fd9\u4e9b\u7f51\u7ad9\u63d0\u4f9b\u7684\u4ea7\u54c1\u3001\u670d\u52a1\u6216\u4fe1\u606f\u8d1f\u8d23\u3002.<\/p>\n\n<h2 class=\"wp-block-heading\">\u7b2c 9 \u6761\uff1a\u300a\u901a\u7528\u539f\u5219\u300b\u7684\u4fee\u6539<\/h2>\n\n<p>\u53d1\u884c\u65b9\u4fdd\u7559\u968f\u65f6\u4fee\u6539 GCU \u7684\u6743\u5229\u3002\u5982\u6709\u91cd\u5927\u4fee\u6539\uff0c\u5c06\u901a\u8fc7\u4efb\u4f55\u65b9\u5f0f\uff08\u7f51\u7ad9\u901a\u77e5\u3001\u7535\u5b50\u90ae\u4ef6\uff09\u901a\u77e5\u7528\u6237\u3002\u4fee\u6539\u540e\u7684\u7248\u672c\u81ea\u53d1\u5e03\u4e4b\u65e5\u8d77\u751f\u6548\u3002\u4fee\u6539\u516c\u5e03\u540e\u7ee7\u7eed\u4f7f\u7528\u672c\u7f51\u7ad9\u5373\u8868\u793a\u63a5\u53d7\u65b0\u7684 GTU\u3002.<\/p>\n\n<h2 class=\"wp-block-heading\">\u7b2c 10 \u6761\uff1a\u9002\u7528\u6cd5\u5f8b\u548c\u4e3b\u7ba1\u53f8\u6cd5\u673a\u5173<\/h2>\n\n<p>\u8fd9\u4e9b GCU \u53d7\u6cd5\u56fd\u6cd5\u5f8b\u7ba1\u8f96\u3002.<\/p>\n\n<p>\u4efb\u4f55\u65e0\u6cd5\u53cb\u597d\u89e3\u51b3\u7684\u4e89\u8bae\u5e94\u63d0\u4ea4\u7ed9......\uff1a<\/p>\n\n<ul class=\"wp-block-list\">\n<li>\u6216\u6d88\u8d39\u8005\u8c03\u89e3\uff08\u5982\u679c\u7528\u6237\u662f\u6d88\u8d39\u8005\u4e14\u6cd5\u5f8b\u6709\u6b64\u8981\u6c42\uff09\u3002.<\/li>\n\n<li>\u6216\u6839\u636e\u9002\u7528\u6cd5\u5f8b\uff0c\u63d0\u4ea4\u7ed9\u5bf9\u6d88\u8d39\u8005\u6709\u7ba1\u8f96\u6743\u7684\u6cd5\u9662\uff09\u3002.<\/li>\n<\/ul>\n<hr class=\"wp-block-separator has-alpha-channel-opacity\" \/>\n<p>\u00a0<\/p>\n\t\t\t\t\t\t\t\t<\/div>\n\t\t\t\t\t<\/div>\n\t\t\t\t<\/div>\n\t\t\t\t<\/div>","protected":false},"excerpt":{"rendered":"<p>Conditions G\u00e9n\u00e9rales d&rsquo;Utilisation (CGU) Date de la derni\u00e8re mise \u00e0 jour : 01\/12\/2025 Article 1 : Objet Les pr\u00e9sentes Conditions G\u00e9n\u00e9rales d&rsquo;Utilisation (ci-apr\u00e8s les \u00ab CGU \u00bb) ont pour objet &hellip; <a href=\"https:\/\/bangkokherping.com\/zh\/conditions-generales-dutilisation\/\" class=\"more-link\">Continue reading <span class=\"screen-reader-text\">\u4f7f\u7528\u6761\u6b3e\u548c\u6761\u4ef6<\/span><\/a><\/p>","protected":false},"author":1,"featured_media":0,"parent":0,"menu_order":0,"comment_status":"closed","ping_status":"closed","template":"","meta":{"footnotes":""},"class_list":["post-15149","page","type-page","status-publish","hentry"],"_links":{"self":[{"href":"https:\/\/bangkokherping.com\/zh\/wp-json\/wp\/v2\/pages\/15149","targetHints":{"allow":["GET"]}}],"collection":[{"href":"https:\/\/bangkokherping.com\/zh\/wp-json\/wp\/v2\/pages"}],"about":[{"href":"https:\/\/bangkokherping.com\/zh\/wp-json\/wp\/v2\/types\/page"}],"author":[{"embeddable":true,"href":"https:\/\/bangkokherping.com\/zh\/wp-json\/wp\/v2\/users\/1"}],"replies":[{"embeddable":true,"href":"https:\/\/bangkokherping.com\/zh\/wp-json\/wp\/v2\/comments?post=15149"}],"version-history":[{"count":6,"href":"https:\/\/bangkokherping.com\/zh\/wp-json\/wp\/v2\/pages\/15149\/revisions"}],"predecessor-version":[{"id":15313,"href":"https:\/\/bangkokherping.com\/zh\/wp-json\/wp\/v2\/pages\/15149\/revisions\/15313"}],"wp:attachment":[{"href":"https:\/\/bangkokherping.com\/zh\/wp-json\/wp\/v2\/media?parent=15149"}],"curies":[{"name":"wp","href":"https:\/\/api.w.org\/{rel}","templated":true}]}}