{"id":15147,"date":"2025-10-24T17:40:21","date_gmt":"2025-10-24T17:40:21","guid":{"rendered":"https:\/\/bangkokherping.com\/?page_id=15147"},"modified":"2025-10-31T02:55:30","modified_gmt":"2025-10-31T02:55:30","slug":"politique-de-confidentialite","status":"publish","type":"page","link":"https:\/\/bangkokherping.com\/zh\/politique-de-confidentialite\/","title":{"rendered":"\u9690\u79c1\u653f\u7b56"},"content":{"rendered":"<div data-elementor-type=\"wp-page\" data-elementor-id=\"15147\" class=\"elementor elementor-15147\">\n\t\t\t\t<div class=\"elementor-element elementor-element-1b6e728e e-flex e-con-boxed e-con e-parent\" data-id=\"1b6e728e\" data-element_type=\"container\">\n\t\t\t\t\t<div class=\"e-con-inner\">\n\t\t\t\t<div class=\"elementor-element elementor-element-5bf2e770 elementor-widget elementor-widget-text-editor\" data-id=\"5bf2e770\" data-element_type=\"widget\" data-widget_type=\"text-editor.default\">\n\t\t\t\t\t\t\t\t\t\n<h1 class=\"wp-block-heading\">\u9690\u79c1\u653f\u7b56<br \/><br \/><\/h1>\n\n<p>\u6700\u540e\u66f4\u65b0\u65e5\u671f\uff1a 2025 \u5e74 12 \u6708 1 \u65e5<\/p>\n\n<h2 class=\"wp-block-heading\">1.\u5bfc\u8a00<\/h2>\n\n<p>\u672c\u9690\u79c1\u653f\u7b56\u65e8\u5728\u5411\u60a8\u4ecb\u7ecd\u66fc\u8c37\u9a6f\u9e7f\u4e4b\u65c5\uff08\u4ee5\u4e0b\u7b80\u79f0 \u00ab\u6211\u4eec\u00bb\u3001\u00ab\u6211\u4eec\u7684 \u00bb\u6216 \u00ab\u516c\u53f8\u2019\uff09\u5982\u4f55\u6536\u96c6\u3001\u4f7f\u7528\u3001\u4fdd\u62a4\u548c\u5171\u4eab\u60a8\u5728\u4f7f\u7528\u6211\u4eec\u7684\u7f51\u7ad9 www.bangkokherping.com\uff08\u4ee5\u4e0b\u7b80\u79f0 \u00ab\u7f51\u7ad9\u00bb\uff09\u548c\/\u6216\u6211\u4eec\u7684\u670d\u52a1\u65f6\u5411\u6211\u4eec\u63d0\u4f9b\u7684\u4e2a\u4eba\u4fe1\u606f\u3002.<\/p>\n\n<p>\u6211\u4eec\u81f4\u529b\u4e8e\u9075\u5b88 2016 \u5e74 4 \u6708 27 \u65e5\u6b27\u6d32\u8bae\u4f1a\u548c\u6b27\u76df\u7406\u4e8b\u4f1a\u9881\u5e03\u7684\u7b2c 2016\/679 \u53f7\u6cd5\u89c4\uff08\u5373\u300a\u4e00\u822c\u6570\u636e\u4fdd\u62a4\u6761\u4f8b\u300b\uff08GDPR\uff09\uff09\u7684\u89c4\u5b9a\u3002.<\/p>\n\n<h2 class=\"wp-block-heading\">2.\u6570\u636e\u63a7\u5236\u8005\u7684\u8eab\u4efd<\/h2>\n\n<p>\u6570\u636e\u63a7\u5236\u4eba\u4e3a \uff1a<\/p>\n\n<ul class=\"wp-block-list\">\n<li>\u5510\u5409-\u5fb7-\u5723\u7d22\u5f17<\/li>\n<\/ul>\n\n<h2 class=\"wp-block-heading\">3.\u6536\u96c6\u7684\u4e2a\u4eba\u6570\u636e<\/h2>\n\n<p>\u6211\u4eec\u6536\u96c6\u5e76\u5904\u7406\u4ee5\u4e0b\u5404\u7c7b\u4e2a\u4eba\u6570\u636e\uff1a<\/p>\n\n<figure class=\"wp-block-table\">\n<table class=\"has-fixed-layout\">\n<thead>\n<tr>\n<td>\u6570\u636e\u7c7b\u522b<\/td>\n<td>\u5b9e\u4f8b<\/td>\n<td>\u6536\u96c6\u65f6\u95f4<\/td>\n<\/tr>\n<\/thead>\n<tbody>\n<tr>\n<td>\u8bc6\u522b\u6570\u636e<\/td>\n<td>\u59d3\u3001\u540d\u3001\u7535\u5b50\u90ae\u4ef6\u5730\u5740\u3001\u7535\u8bdd\u53f7\u7801\u3001\u90ae\u5bc4\u5730\u5740\u3002.<\/td>\n<td>\u521b\u5efa\u8d26\u6237\u3001\u8d2d\u7269\u6216\u901a\u8fc7\u8868\u683c\u4e0e\u6211\u4eec\u8054\u7cfb\u65f6\u3002.<\/td>\n<\/tr>\n<tr>\n<td>\u4ea4\u6613\u6570\u636e<\/td>\n<td>\u8d2d\u4e70\u8bb0\u5f55\u3001\u4ed8\u6b3e\u4fe1\u606f\uff08\u4e0d\u5b8c\u6574\u5b58\u50a8\uff1a\u901a\u5e38\u4f20\u8f93\u7ed9\u5b89\u5168\u670d\u52a1\u63d0\u4f9b\u5546\uff09\u3002.<\/td>\n<td>\u8d2d\u4e70\u4ea7\u54c1\u6216\u670d\u52a1\u65f6\u3002.<\/td>\n<\/tr>\n<tr>\n<td>\u8fde\u63a5\u548c\u4f7f\u7528\u6570\u636e<\/td>\n<td>IP \u5730\u5740\u3001\u6d4f\u89c8\u5668\u7c7b\u578b\u3001\u64cd\u4f5c\u7cfb\u7edf\u3001\u8bbf\u95ee\u8fc7\u7684\u9875\u9762\u3001\u8bbf\u95ee\u65f6\u95f4\u3002.<\/td>\n<td>\u6d4f\u89c8\u7f51\u7ad9\u65f6\u81ea\u52a8\u8fdb\u884c\uff08\u901a\u8fc7 cookie \u6216\u7c7b\u4f3c\u6280\u672f\uff09\u3002.<\/td>\n<\/tr>\n<tr>\n<td>\u901a\u4fe1\u6570\u636e<\/td>\n<td>\u901a\u8fc7\u7535\u5b50\u90ae\u4ef6\u6216\u8054\u7cfb\u8868\u683c\u53d1\u9001\u7684\u4fe1\u606f\u5185\u5bb9\u3002.<\/td>\n<td>\u5f53\u60a8\u8054\u7cfb\u6211\u4eec\u5bfb\u6c42\u5e2e\u52a9\u6216\u652f\u6301\u65f6\u3002.<\/td>\n<\/tr>\n<tr>\n<td>\u00a0<\/td>\n<td>\u00a0<\/td>\n<td>\u00a0<\/td>\n<\/tr>\n<\/tbody>\n<\/table>\n<\/figure>\n\n<h2 class=\"wp-block-heading\">4.\u5904\u7406\u76ee\u7684\u548c\u6cd5\u5f8b\u4f9d\u636e<\/h2>\n\n<p>\u6839\u636e RGPD \u63d0\u4f9b\u7684\u6cd5\u5f8b\u4f9d\u636e\uff0c\u6211\u4eec\u5c06\u60a8\u7684\u4e2a\u4eba\u6570\u636e\u7528\u4e8e\u4ee5\u4e0b\u76ee\u7684\uff1a<\/p>\n\n<figure class=\"wp-block-table\">\n<table class=\"has-fixed-layout\">\n<thead>\n<tr>\n<td>\u5904\u7406\u76ee\u7684<\/td>\n<td>\u6cd5\u5f8b\u4f9d\u636e\uff08RGPD\uff09<\/td>\n<\/tr>\n<\/thead>\n<tbody>\n<tr>\n<td>\u7ba1\u7406\u8ba2\u5355\u548c\u4ea4\u4ed8\u4ea7\u54c1\/\u670d\u52a1\u3002.<\/td>\n<td>\u5408\u540c\u7684\u5c65\u884c\uff08\u7b2c 6.1.b \u6761\uff09<\/td>\n<\/tr>\n<tr>\n<td>\u56de\u7b54\u60a8\u7684\u95ee\u9898\u548c\u652f\u6301\u8bf7\u6c42\u3002.<\/td>\n<td>\u5408\u6cd5\u5229\u76ca\uff08\u7b2c 6.1.f \u6761\uff09\u6216\u5c65\u884c\u5408\u540c\uff08\u7b2c 6.1.b \u6761\uff09<\/td>\n<\/tr>\n<tr>\n<td>\u53d1\u9001\u65b0\u95fb\u7b80\u62a5\u548c\u5546\u4e1a\u4f18\u60e0\u4fe1\u606f\u3002.<\/td>\n<td>\u60a8\u7684\u540c\u610f\uff08\u7b2c 6.1.a \u6761\uff09<\/td>\n<\/tr>\n<tr>\n<td>\u6539\u8fdb\u6211\u4eec\u7684\u7f51\u7ad9\u548c\u670d\u52a1\uff08\u7edf\u8ba1\u5206\u6790\uff09\u3002.<\/td>\n<td>\u5408\u6cd5\u5229\u76ca\uff08\u7b2c 6.1.f \u6761\uff09<\/td>\n<\/tr>\n<tr>\n<td>\u9632\u6b62\u6b3a\u8bc8\u548c\u5c65\u884c\u6211\u4eec\u7684\u6cd5\u5f8b\u4e49\u52a1\u3002.<\/td>\n<td>\u6cd5\u5f8b\u4e49\u52a1\uff08\u7b2c 6.1.c \u6761\uff09<\/td>\n<\/tr>\n<\/tbody>\n<\/table>\n<\/figure>\n\n<h2 class=\"wp-block-heading\">5.\u6570\u636e\u63a5\u6536\u65b9<\/h2>\n\n<p>\u60a8\u7684\u4e2a\u4eba\u6570\u636e\u53ef\u80fd\u4f1a\u4e0e\u4ee5\u4e0b\u65b9\u9762\u5171\u4eab\uff1a.....\uff1a<\/p>\n\n<ul class=\"wp-block-list\">\n<li>\u6211\u4eec\u7684\u6280\u672f\u670d\u52a1\u63d0\u4f9b\u5546\uff08\u6258\u7ba1\u3001\u5b89\u5168\u3001\u7f51\u7ad9\u7ef4\u62a4\uff09\u3002.<\/li>\n\n<li>\u5b89\u5168\u4ea4\u6613\u5904\u7406\u7684\u652f\u4ed8\u670d\u52a1\u63d0\u4f9b\u5546\u3002.<\/li>\n\n<li>\u5c65\u884c\u8ba2\u5355\u7684\u7269\u6d41\u5408\u4f5c\u4f19\u4f34\uff08\u627f\u8fd0\u5546\uff09\u3002.<\/li>\n\n<li>\u5c65\u884c\u6cd5\u5f8b\u4e49\u52a1\u65f6\u7684\u6cd5\u5f8b\u6216\u884c\u653f\u673a\u5173\u3002.<\/li>\n<\/ul>\n\n<p>\u6211\u4eec\u786e\u4fdd\u8fd9\u4e9b\u7b2c\u4e09\u65b9\u63d0\u4f9b\u5145\u5206\u4fdd\u8bc1\uff0c\u8bf4\u660e\u5df2\u91c7\u53d6\u9002\u5f53\u7684\u6280\u672f\u548c\u7ec4\u7ec7\u63aa\u65bd\uff0c\u4ece\u800c\u4f7f\u5904\u7406\u8fc7\u7a0b\u7b26\u5408 GDPR \u7684\u8981\u6c42\uff0c\u5e76\u786e\u4fdd\u60a8\u7684\u6743\u5229\u5f97\u5230\u4fdd\u62a4\u3002.<\/p>\n\n<h2 class=\"wp-block-heading\">6.\u6570\u636e\u4fdd\u7559\u671f<\/h2>\n\n<p>\u6211\u4eec\u5bf9\u60a8\u4e2a\u4eba\u6570\u636e\u7684\u4fdd\u5b58\u671f\u9650\u4ec5\u9650\u4e8e\u5b9e\u73b0\u6536\u96c6\u76ee\u7684\u6216\u5c65\u884c\u6211\u4eec\u7684\u6cd5\u5f8b\u548c\u76d1\u7ba1\u4e49\u52a1\u6240\u5fc5\u9700\u7684\u65f6\u95f4\u3002.<\/p>\n\n<figure class=\"wp-block-table\">\n<table class=\"has-fixed-layout\">\n<thead>\n<tr>\n<td>\u6570\u636e\u7c7b\u522b<\/td>\n<td>\u5178\u578b\u4fdd\u8d28\u671f<\/td>\n<\/tr>\n<\/thead>\n<tbody>\n<tr>\n<td>\u5ba2\u6237\u6570\u636e\uff08\u8d26\u6237\uff09<\/td>\n<td>\u76f4\u81f3\u8d26\u6237\u88ab\u5220\u9664\uff0c\u6216\u6700\u540e\u4e00\u6b21\u6d3b\u52a8\u540e [X] \u5e74\u3002.<\/td>\n<\/tr>\n<tr>\n<td>\u4ea4\u6613\/\u8d26\u5355\u6570\u636e<\/td>\n<td>\u4ea4\u6613\u540e [X] \u5e74\uff08\u6cd5\u5b9a\u671f\u9650\uff09\u3002.<\/td>\n<\/tr>\n<tr>\n<td>\u5546\u4e1a\u52d8\u63a2\u6570\u636e<\/td>\n<td>\u5982\u679c\u60a8\u672a\u884c\u4f7f\u53cd\u5bf9\u6743\uff0c\u5219\u5728\u6700\u540e\u4e00\u6b21\u8054\u7cfb\u540e [X] \u5e74\u3002.<\/td>\n<\/tr>\n<tr>\n<td>Cookies \u548c\u8ddf\u8e2a\u5668<\/td>\n<td>\u7533\u8bf7\u540e\u6700\u957f [13 \u4e2a\u6708]\u3002.<\/td>\n<\/tr>\n<\/tbody>\n<\/table>\n<\/figure>\n\n<h2 class=\"wp-block-heading\">7.\u60a8\u7684\u6743\u5229\uff08RGPD\uff09<\/h2>\n\n<p>\u6839\u636e RGPD\uff0c\u60a8\u5728\u4e2a\u4eba\u6570\u636e\u65b9\u9762\u4eab\u6709\u4ee5\u4e0b\u6743\u5229\uff1a<\/p>\n\n<ul class=\"wp-block-list\">\n<li>\u8bbf\u95ee\u6743\uff08\u7b2c 15 \u6761\uff09\uff1a\u786e\u8ba4\u60a8\u7684\u6570\u636e\u6b63\u5728\u88ab\u5904\u7406\uff0c\u5e76\u83b7\u53d6\u4e00\u4efd\u526f\u672c\u3002.<\/li>\n\n<li>\u66f4\u6b63\u6743\uff08\u7b2c 16 \u6761\uff09\uff1a\u8981\u6c42\u66f4\u6b63\u4e0d\u51c6\u786e\u7684\u6570\u636e\u3002.<\/li>\n\n<li>\u5220\u9664\u6743\uff08\u00ab\u88ab\u9057\u5fd8\u6743\u00bb\uff09\uff08\u7b2c 17 \u6761\uff09\uff1a\u5728\u67d0\u4e9b\u6761\u4ef6\u4e0b\uff0c\u8981\u6c42\u5220\u9664\u60a8\u7684\u6570\u636e\u3002.<\/li>\n\n<li>\u9650\u5236\u5904\u7406\u7684\u6743\u5229\uff08\u7b2c 18 \u6761\uff09\uff1a\u8981\u6c42\u6682\u65f6\u505c\u6b62\u5904\u7406\u67d0\u4e9b\u6570\u636e\u3002.<\/li>\n\n<li>\u53cd\u5bf9\u6743\uff08\u7b2c 21 \u6761\uff09\uff1a\u51fa\u4e8e\u4e0e\u60a8\u7684\u7279\u6b8a\u60c5\u51b5\u6709\u5173\u7684\u539f\u56e0\uff0c\u968f\u65f6\u53cd\u5bf9\u5bf9\u60a8\u7684\u6570\u636e\u8fdb\u884c\u5904\u7406\uff0c\u5c24\u5176\u662f\u5728\u5546\u4e1a\u62c9\u7968\u65b9\u9762\u3002.<\/li>\n\n<li>\u53ef\u79fb\u690d\u6743\uff08\u7b2c 20 \u6761\uff09\uff1a\u4ee5\u7ed3\u6784\u5316\u3001\u5e38\u7528\u548c\u673a\u5668\u53ef\u8bfb\u7684\u683c\u5f0f\u63a5\u6536\u60a8\u63d0\u4f9b\u7ed9\u6211\u4eec\u7684\u6570\u636e\uff0c\u5e76\u5c06\u5176\u4f20\u8f93\u7ed9\u53e6\u4e00\u4e2a\u6570\u636e\u63a7\u5236\u8005\u3002.<\/li>\n\n<li>\u64a4\u9500\u540c\u610f\u7684\u6743\u5229\uff08\u7b2c 7 \u6761\uff09\uff1a\u5728\u60a8\u540c\u610f\u7684\u60c5\u51b5\u4e0b\uff0c\u968f\u65f6\u64a4\u9500\u60a8\u7684\u540c\u610f\u3002.<\/li>\n<\/ul>\n\n<h3 class=\"wp-block-heading\">\u5982\u4f55\u884c\u4f7f\u81ea\u5df1\u7684\u6743\u5229\uff1f<\/h3>\n\n<p>\u5982\u9700\u884c\u4f7f\u4e0a\u8ff0\u4efb\u4f55\u6743\u5229\uff0c\u8bf7\u5c06\u60a8\u7684\u7533\u8bf7\u8fde\u540c\u8eab\u4efd\u8bc1\u660e\u5bc4\u5f80 \uff1a<\/p>\n<ul class=\"wp-block-list\">\n<li>\u901a\u8fc7\u7535\u5b50\u90ae\u4ef6 :bangkokherping@gmail.com<\/li>\n<\/ul>\n<!-- \/wp:list --><!-- wp:heading -->\n<h2 class=\"wp-block-heading\">8.\u997c\u5e72<\/h2>\n<!-- \/wp:heading --><!-- wp:paragraph -->\n<p>\u6211\u4eec\u7684\u7f51\u7ad9\u4f7f\u7528 cookie \u6765\u6539\u5584\u60a8\u7684\u6d4f\u89c8\u4f53\u9a8c\u3001\u5206\u6790\u6d41\u91cf\u548c\u4e2a\u6027\u5316\u5185\u5bb9\u3002Cookie \u662f\u5b58\u50a8\u5728\u60a8\u8bbe\u5907\u4e0a\u7684\u4e00\u4e2a\u5c0f\u6587\u672c\u6587\u4ef6\u3002.<\/p>\n<!-- \/wp:paragraph --><!-- wp:paragraph -->\n<p>\u5728\u60a8\u9996\u6b21\u8bbf\u95ee\u65f6\uff0c\u6211\u4eec\u4f1a\u8981\u6c42\u60a8\u540c\u610f\u4f7f\u7528\u975e\u7f51\u7ad9\u8fd0\u884c\u4e25\u683c\u5fc5\u8981\u7684 cookie\u3002\u60a8\u53ef\u4ee5\u968f\u65f6\u901a\u8fc7\u6211\u4eec\u7684 cookie \u7ba1\u7406\u5de5\u5177\u6216\u60a8\u7684\u6d4f\u89c8\u5668\u8bbe\u7f6e\u4fee\u6539\u6216\u64a4\u9500\u60a8\u7684\u540c\u610f\u3002.<\/p>\n<!-- \/wp:paragraph --><!-- wp:heading -->\n<h2 class=\"wp-block-heading\">9.\u63d0\u51fa\u7533\u8bc9\u7684\u6743\u5229<\/h2>\n<!-- \/wp:heading --><!-- wp:paragraph -->\n<p>\u5982\u679c\u60a8\u8ba4\u4e3a\u5bf9\u60a8\u4e2a\u4eba\u6570\u636e\u7684\u5904\u7406\u8fdd\u53cd\u4e86 GDPR\uff0c\u60a8\u6709\u6743\u5411\u4e3b\u7ba1\u76d1\u7763\u673a\u6784\uff08\u4f8b\u5982\u6cd5\u56fd\u7684 CNIL\uff09\u6295\u8bc9\u3002.<\/p>\n<!-- \/wp:paragraph --><!-- wp:separator --><hr class=\"wp-block-separator has-alpha-channel-opacity\" \/><!-- \/wp:separator --><!-- wp:paragraph -->\n<p>\u00a0<\/p>\n<!-- \/wp:paragraph -->\t\t\t\t\t\t\t\t<\/div>\n\t\t\t\t\t<\/div>\n\t\t\t\t<\/div>\n\t\t\t\t<\/div>","protected":false},"excerpt":{"rendered":"<p>Politique de Confidentialit\u00e9 Date de la derni\u00e8re mise \u00e0 jour : 01\/12\/2025 1. Introduction La pr\u00e9sente politique de confidentialit\u00e9 a pour objectif de vous informer sur la mani\u00e8re dont Bangkok &hellip; <a href=\"https:\/\/bangkokherping.com\/zh\/politique-de-confidentialite\/\" class=\"more-link\">Continue reading <span class=\"screen-reader-text\">\u9690\u79c1\u653f\u7b56<\/span><\/a><\/p>","protected":false},"author":1,"featured_media":0,"parent":0,"menu_order":0,"comment_status":"closed","ping_status":"closed","template":"","meta":{"footnotes":""},"class_list":["post-15147","page","type-page","status-publish","hentry"],"_links":{"self":[{"href":"https:\/\/bangkokherping.com\/zh\/wp-json\/wp\/v2\/pages\/15147","targetHints":{"allow":["GET"]}}],"collection":[{"href":"https:\/\/bangkokherping.com\/zh\/wp-json\/wp\/v2\/pages"}],"about":[{"href":"https:\/\/bangkokherping.com\/zh\/wp-json\/wp\/v2\/types\/page"}],"author":[{"embeddable":true,"href":"https:\/\/bangkokherping.com\/zh\/wp-json\/wp\/v2\/users\/1"}],"replies":[{"embeddable":true,"href":"https:\/\/bangkokherping.com\/zh\/wp-json\/wp\/v2\/comments?post=15147"}],"version-history":[{"count":4,"href":"https:\/\/bangkokherping.com\/zh\/wp-json\/wp\/v2\/pages\/15147\/revisions"}],"predecessor-version":[{"id":15307,"href":"https:\/\/bangkokherping.com\/zh\/wp-json\/wp\/v2\/pages\/15147\/revisions\/15307"}],"wp:attachment":[{"href":"https:\/\/bangkokherping.com\/zh\/wp-json\/wp\/v2\/media?parent=15147"}],"curies":[{"name":"wp","href":"https:\/\/api.w.org\/{rel}","templated":true}]}}