{"id":15151,"date":"2025-10-24T17:43:01","date_gmt":"2025-10-24T17:43:01","guid":{"rendered":"https:\/\/bangkokherping.com\/?page_id=15151"},"modified":"2025-10-31T02:57:28","modified_gmt":"2025-10-31T02:57:28","slug":"politique-dutilisation-des-cookies","status":"publish","type":"page","link":"https:\/\/bangkokherping.com\/pt\/politique-dutilisation-des-cookies\/","title":{"rendered":"Pol\u00edtica de utiliza\u00e7\u00e3o de cookies"},"content":{"rendered":"<div data-elementor-type=\"wp-page\" data-elementor-id=\"15151\" class=\"elementor elementor-15151\">\n\t\t\t\t<div class=\"elementor-element elementor-element-24ed72ba e-flex e-con-boxed e-con e-parent\" data-id=\"24ed72ba\" data-element_type=\"container\">\n\t\t\t\t\t<div class=\"e-con-inner\">\n\t\t\t\t<div class=\"elementor-element elementor-element-7dc67c2e elementor-widget elementor-widget-text-editor\" data-id=\"7dc67c2e\" data-element_type=\"widget\" data-widget_type=\"text-editor.default\">\n\t\t\t\t\t\t\t\t\t\n<p>\u00a0<\/p>\n<hr class=\"wp-block-separator has-alpha-channel-opacity\" \/>\n<h1 class=\"wp-block-heading\">Pol\u00edtica de utiliza\u00e7\u00e3o de cookies<\/h1>\n\n<p>Data da \u00faltima atualiza\u00e7\u00e3o: 01\/12\/20225<\/p>\n\n<h2 class=\"wp-block-heading\">1. O que \u00e9 uma bolacha?<\/h2>\n\n<p>Um cookie \u00e9 um pequeno ficheiro de texto ou tracker colocado no seu terminal (computador, tablet, smartphone) quando visita o nosso site [bangkokherping.com] (o \u00abSite\u00bb). Estes ficheiros permitem ao editor do site ler e registar informa\u00e7\u00f5es sobre a sua navega\u00e7\u00e3o.<\/p>\n\n<p>Os cookies podem ser utilizados para diversos fins: recordar a sua identifica\u00e7\u00e3o de cliente, seguir o seu comportamento de navega\u00e7\u00e3o para fins estat\u00edsticos ou publicit\u00e1rios, etc.<\/p>\n\n<h2 class=\"wp-block-heading\">2. A nossa utiliza\u00e7\u00e3o de cookies<\/h2>\n\n<p>Utilizamos cookies para os seguintes fins:<\/p>\n\n<figure class=\"wp-block-table\">\n<table class=\"has-fixed-layout\">\n<thead>\n<tr>\n<td>Categoria de bolachas<\/td>\n<td>Objetivo<\/td>\n<td>\u00c9 necess\u00e1rio o seu consentimento?<\/td>\n<\/tr>\n<\/thead>\n<tbody>\n<tr>\n<td>Cookies estritamente necess\u00e1rios (t\u00e9cnicos)<\/td>\n<td>Permitir que o s\u00edtio funcione corretamente. Exemplos: armazenar o seu cesto de compras, gest\u00e3o da sess\u00e3o do utilizador, seguran\u00e7a.<\/td>\n<td>N\u00c3O (Essencial para o servi\u00e7o)<\/td>\n<\/tr>\n<tr>\n<td>Cookies de medi\u00e7\u00e3o de audi\u00eancias (anal\u00edticos)<\/td>\n<td>Permitir a elabora\u00e7\u00e3o de estat\u00edsticas an\u00f3nimas sobre o tr\u00e1fego e a utiliza\u00e7\u00e3o (n\u00famero de visitas, p\u00e1ginas consultadas, origem do tr\u00e1fego), a fim de melhorar a ergonomia e o conte\u00fado do s\u00edtio.<\/td>\n<td>SIM<\/td>\n<\/tr>\n<tr>\n<td>Cookies de publicidade (direcionamento)<\/td>\n<td>Permitir-nos oferecer-lhe publicidade relevante adaptada aos seus interesses, tanto no nosso S\u00edtio como em s\u00edtios de terceiros.<\/td>\n<td>SIM<\/td>\n<\/tr>\n<tr>\n<td>Cookies de redes sociais<\/td>\n<td>Permitir a integra\u00e7\u00e3o de m\u00f3dulos sociais (bot\u00f5es de partilha, widgets) que permitem que o conte\u00fado do s\u00edtio seja partilhado com outras pessoas.<\/td>\n<td>OU<strong>I<\/strong><\/td>\n<\/tr>\n<\/tbody>\n<\/table>\n<\/figure>\n\n<h2 class=\"wp-block-heading\">3. Tipos de cookies que utilizamos<\/h2>\n\n<p>Utilizamos cookies internos e de terceiros:<\/p>\n\n<ul class=\"wp-block-list\">\n<li>Cookies internos (ou \u00abfirst party\u00bb): S\u00e3o depositados diretamente pelo nosso S\u00edtio e s\u00e3o utilizados exclusivamente por n\u00f3s para operar e melhorar o S\u00edtio.<\/li>\n\n<li>Cookies de terceiros: S\u00e3o depositados por parceiros (como o Google Analytics, redes sociais, plataformas de publicidade) atrav\u00e9s de ferramentas integradas nas nossas p\u00e1ginas. Estes terceiros actuam como controladores de dados e gerem os dados recolhidos de acordo com as suas pr\u00f3prias pol\u00edticas de confidencialidade.<\/li>\n<\/ul>\n\n<figure class=\"wp-block-table\">\n<table class=\"has-fixed-layout\">\n<thead>\n<tr>\n<td>Nome do servi\u00e7o de terceiros<\/td>\n<td>Tipo de cookie<\/td>\n<td>Liga\u00e7\u00e3o para a sua pol\u00edtica de privacidade<\/td>\n<\/tr>\n<\/thead>\n<tbody>\n<tr>\n<td>Google Analytics<\/td>\n<td>Medi\u00e7\u00e3o de audi\u00eancias<\/td>\n<td>[Liga\u00e7\u00e3o \u00e0 Pol\u00edtica da Google].<\/td>\n<\/tr>\n<tr>\n<td>Facebook \/ Meta Pixel<\/td>\n<td>Publicidade, Redes sociais<\/td>\n<td>[Liga\u00e7\u00e3o \u00e0 pol\u00edtica Meta].<\/td>\n<\/tr>\n<tr>\n<td>\u00a0<\/td>\n<td>\u00a0<\/td>\n<td>\u00a0<\/td>\n<\/tr>\n<\/tbody>\n<\/table>\n<\/figure>\n\n<h2 class=\"wp-block-heading\">4. As suas escolhas relativamente aos cookies<\/h2>\n\n<p>De acordo com os regulamentos (RGPD e diretivas e-Privacy), os cookies que n\u00e3o s\u00e3o estritamente necess\u00e1rios para o funcionamento do Site n\u00e3o podem ser depositados sem o seu consentimento expl\u00edcito.<\/p>\n\n<p>O utilizador tem v\u00e1rias op\u00e7\u00f5es para gerir, aceitar ou recusar o dep\u00f3sito de cookies:<\/p>\n\n<h3 class=\"wp-block-heading\">A. Atrav\u00e9s da nossa faixa de consentimento<\/h3>\n\n<p>Quando o utilizador visita o nosso S\u00edtio pela primeira vez, uma faixa informativa permite-lhe :<\/p>\n\n<ol class=\"wp-block-list\" start=\"1\">\n<li>Aceitar todos os cookies.<\/li>\n\n<li>Rejeitar todos os cookies (exceto os estritamente necess\u00e1rios).<\/li>\n\n<li>Personalize as suas escolhas por categoria de objetivo ou por servi\u00e7o.<\/li>\n<\/ol>\n\n<p>Pode alterar as suas prefer\u00eancias de consentimento em qualquer altura, clicando na liga\u00e7\u00e3o [Liga\u00e7\u00e3o \u00e0 ferramenta de gest\u00e3o de cookies] (frequentemente localizada no rodap\u00e9 da p\u00e1gina).<\/p>\n\n<h3 class=\"wp-block-heading\">B. Atrav\u00e9s das defini\u00e7\u00f5es do browser<\/h3>\n\n<p>Pode configurar o seu navegador para que os cookies sejam armazenados no seu terminal ou, pelo contr\u00e1rio, rejeitados. As defini\u00e7\u00f5es s\u00e3o diferentes para cada navegador. Geralmente, encontra esta op\u00e7\u00e3o nos menus \u00abAjuda\u00bb, \u00abFerramentas\u00bb ou \u00abDefini\u00e7\u00f5es\u00bb do seu navegador:<\/p>\n\n<ul class=\"wp-block-list\">\n<li>Chrome : [Suporte do Google Chrome]<\/li>\n\n<li>Firefox : [Suporte do Mozilla Firefox]<\/li>\n\n<li>Safari : [Suporte do Apple Safari].<\/li>\n\n<li>Edge\/Internet Explorer : [Suporte da Microsoft]<\/li>\n<\/ul>\n\n<p>Aviso: A recusa de instalar um cookie pode resultar na impossibilidade de aceder a determinados servi\u00e7os ou funcionalidades do S\u00edtio. Recusamos qualquer responsabilidade pelas consequ\u00eancias da degrada\u00e7\u00e3o do funcionamento do S\u00edtio resultante da sua recusa.<\/p>\n\n<h2 class=\"wp-block-heading\">5. Prazo de validade<\/h2>\n\n<p>Os cookies que armazenamos s\u00e3o v\u00e1lidos por um per\u00edodo m\u00e1ximo de 13 meses a partir da data em que s\u00e3o armazenados pela primeira vez. No final deste per\u00edodo, o seu consentimento ser\u00e1 novamente solicitado.<\/p>\n\n<h2 class=\"wp-block-heading\">6. Mais informa\u00e7\u00f5es<\/h2>\n\n<p>Se tiver alguma d\u00favida sobre esta pol\u00edtica de cookies, contacte o nosso controlador de dados :<\/p>\n\n<ul class=\"wp-block-list\">\n<li>Endere\u00e7o de correio eletr\u00f3nico: bangkokherping.com<\/li>\n<\/ul>\n\n<p>Para mais informa\u00e7\u00f5es sobre cookies e rastreadores, pode consultar o s\u00edtio Web da autoridade de controlo competente (por exemplo, a CNIL em Fran\u00e7a).<\/p>\n<hr class=\"wp-block-separator has-alpha-channel-opacity\" \/>\n<p>\u00a0<\/p>\n\t\t\t\t\t\t\t\t<\/div>\n\t\t\t\t\t<\/div>\n\t\t\t\t<\/div>\n\t\t\t\t<\/div>","protected":false},"excerpt":{"rendered":"<p>\u00a0 Politique d&rsquo;Utilisation des Cookies Date de la derni\u00e8re mise \u00e0 jour : 01\/12\/20225 1. Qu&rsquo;est-ce qu&rsquo;un Cookie ? Un cookie est un petit fichier texte ou traceur d\u00e9pos\u00e9 sur &hellip; <a href=\"https:\/\/bangkokherping.com\/pt\/politique-dutilisation-des-cookies\/\" class=\"more-link\">Continue reading <span class=\"screen-reader-text\">Pol\u00edtica de utiliza\u00e7\u00e3o de cookies<\/span><\/a><\/p>","protected":false},"author":1,"featured_media":0,"parent":0,"menu_order":0,"comment_status":"closed","ping_status":"closed","template":"","meta":{"footnotes":""},"class_list":["post-15151","page","type-page","status-publish","hentry"],"_links":{"self":[{"href":"https:\/\/bangkokherping.com\/pt\/wp-json\/wp\/v2\/pages\/15151","targetHints":{"allow":["GET"]}}],"collection":[{"href":"https:\/\/bangkokherping.com\/pt\/wp-json\/wp\/v2\/pages"}],"about":[{"href":"https:\/\/bangkokherping.com\/pt\/wp-json\/wp\/v2\/types\/page"}],"author":[{"embeddable":true,"href":"https:\/\/bangkokherping.com\/pt\/wp-json\/wp\/v2\/users\/1"}],"replies":[{"embeddable":true,"href":"https:\/\/bangkokherping.com\/pt\/wp-json\/wp\/v2\/comments?post=15151"}],"version-history":[{"count":4,"href":"https:\/\/bangkokherping.com\/pt\/wp-json\/wp\/v2\/pages\/15151\/revisions"}],"predecessor-version":[{"id":15310,"href":"https:\/\/bangkokherping.com\/pt\/wp-json\/wp\/v2\/pages\/15151\/revisions\/15310"}],"wp:attachment":[{"href":"https:\/\/bangkokherping.com\/pt\/wp-json\/wp\/v2\/media?parent=15151"}],"curies":[{"name":"wp","href":"https:\/\/api.w.org\/{rel}","templated":true}]}}