{"id":15149,"date":"2025-10-24T17:42:06","date_gmt":"2025-10-24T17:42:06","guid":{"rendered":"https:\/\/bangkokherping.com\/?page_id=15149"},"modified":"2025-10-31T02:59:56","modified_gmt":"2025-10-31T02:59:56","slug":"conditions-generales-dutilisation","status":"publish","type":"page","link":"https:\/\/bangkokherping.com\/pt\/conditions-generales-dutilisation\/","title":{"rendered":"Termos e condi\u00e7\u00f5es de utiliza\u00e7\u00e3o"},"content":{"rendered":"<div data-elementor-type=\"wp-page\" data-elementor-id=\"15149\" class=\"elementor elementor-15149\">\n\t\t\t\t<div class=\"elementor-element elementor-element-25f67162 e-flex e-con-boxed e-con e-parent\" data-id=\"25f67162\" data-element_type=\"container\">\n\t\t\t\t\t<div class=\"e-con-inner\">\n\t\t\t\t<div class=\"elementor-element elementor-element-23c225b1 elementor-widget elementor-widget-text-editor\" data-id=\"23c225b1\" data-element_type=\"widget\" data-widget_type=\"text-editor.default\">\n\t\t\t\t\t\t\t\t\t\n<h1 class=\"wp-block-heading\">Termos e condi\u00e7\u00f5es gerais de utiliza\u00e7\u00e3o (GTCU)<\/h1>\n\n<p>Data da \u00faltima atualiza\u00e7\u00e3o: 01\/12\/2025<\/p>\n\n<h2 class=\"wp-block-heading\">Artigo 1.\u00ba: Objetivo<\/h2>\n\n<p>O objetivo das presentes Condi\u00e7\u00f5es Gerais de Utiliza\u00e7\u00e3o (doravante designadas por \u00abCGU\u00bb) \u00e9 definir os termos e condi\u00e7\u00f5es em que a [Bangkok Herping Tour] coloca \u00e0 disposi\u00e7\u00e3o dos seus utilizadores (doravante designados por \u00bbUtilizadores\u2019) o website Bangkokherping.com (doravante designado por \u00abSite\u00bb) e\/ou os servi\u00e7os associados, bem como a forma como o Utilizador acede e utiliza esses servi\u00e7os.<\/p>\n\n<p>Qualquer liga\u00e7\u00e3o ao S\u00edtio e\/ou utiliza\u00e7\u00e3o dos servi\u00e7os que este oferece implica a aceita\u00e7\u00e3o sem reservas das presentes CGU por parte do Utilizador.<\/p>\n\n<h2 class=\"wp-block-heading\">Artigo 2.\u00ba: Defini\u00e7\u00f5es<\/h2>\n\n<ul class=\"wp-block-list\">\n<li>Site: refere-se ao site acess\u00edvel em Bangkokherping.com (e\/ou a aplica\u00e7\u00e3o m\u00f3vel, se aplic\u00e1vel).<\/li>\n\n<li>Utilizador: refere-se a qualquer pessoa que utilize o S\u00edtio ou qualquer um dos servi\u00e7os oferecidos.<\/li>\n\n<li>Editor: refere-se \u00e0 Bangkok Herping Tour, a empresa respons\u00e1vel pela publica\u00e7\u00e3o e funcionamento do s\u00edtio.<\/li>\n\n<li>Servi\u00e7os: refere-se a todas as fun\u00e7\u00f5es e servi\u00e7os disponibilizados pelo Editor no S\u00edtio (por exemplo, consulta de artigos, cria\u00e7\u00e3o de uma conta, f\u00f3rum, etc.).<\/li>\n<\/ul>\n\n<h2 class=\"wp-block-heading\">Artigo 3.\u00ba: Informa\u00e7\u00e3o jur\u00eddica<\/h2>\n\n<p>O S\u00edtio \u00e9 publicado por :<\/p>\n\n<ul class=\"wp-block-list\">\n<li>Bangkok Herping Tour Co.Ltd \/ Bangkok<\/li>\n<\/ul>\n\n<p>O S\u00edtio \u00e9 alojado por :<\/p>\n\n<ul class=\"wp-block-list\">\n<li>OVH \/ 2 rue Kellermann - BP 80157 - 59053 Roubaix Cedex 1 - Fran\u00e7a<\/li>\n<\/ul>\n\n<h2 class=\"wp-block-heading\">Artigo 4.\u00ba: Acesso e registo<\/h2>\n\n<h3 class=\"wp-block-heading\">4.1. Acesso ao s\u00edtio<\/h3>\n\n<p>O S\u00edtio \u00e9 acess\u00edvel gratuitamente a qualquer Utilizador com acesso \u00e0 Internet. Todos os custos relacionados com o acesso (hardware, software, liga\u00e7\u00e3o \u00e0 Internet) s\u00e3o da exclusiva responsabilidade do Utilizador.<\/p>\n\n<h3 class=\"wp-block-heading\">4.2 Registo e conta de utilizador<\/h3>\n\n<p>A utiliza\u00e7\u00e3o de determinados Servi\u00e7os requer a cria\u00e7\u00e3o de uma conta. Ao registar-se, o Utilizador compromete-se a fornecer informa\u00e7\u00f5es exactas e completas e a mant\u00ea-las actualizadas. O login e a senha s\u00e3o pessoais e confidenciais. O Utilizador \u00e9 o \u00fanico respons\u00e1vel pela sua utiliza\u00e7\u00e3o e compromete-se a informar imediatamente o Editor de qualquer utiliza\u00e7\u00e3o n\u00e3o autorizada.<\/p>\n\n<h2 class=\"wp-block-heading\">Artigo 5: Utiliza\u00e7\u00e3o do s\u00edtio e obriga\u00e7\u00f5es do utilizador<\/h2>\n\n<p>O Utilizador compromete-se a utilizar o S\u00edtio e os Servi\u00e7os de forma justa e legal e em conformidade com as presentes CGU.<\/p>\n\n<p>Em particular, o Utilizador compromete-se a n\u00e3o<\/p>\n\n<ul class=\"wp-block-list\">\n<li>Utilizar o S\u00edtio para fins ilegais ou fraudulentos.<\/li>\n\n<li>Atentar contra a ordem p\u00fablica ou a moral.<\/li>\n\n<li>Publicar, transmitir ou disponibilizar qualquer conte\u00fado ilegal, nocivo, amea\u00e7ador, abusivo, difamat\u00f3rio ou obsceno.<\/li>\n\n<li>Tentar penetrar ou perturbar os sistemas do editor ou explorar lacunas de seguran\u00e7a.<\/li>\n\n<li>extrair ou recolher informa\u00e7\u00f5es pessoais de outros Utilizadores sem o seu consentimento expresso.<\/li>\n<\/ul>\n\n<p>O Editor reserva-se o direito de suspender ou apagar a conta do Utilizador e de recusar o acesso do Utilizador ao Site em caso de viola\u00e7\u00e3o das obriga\u00e7\u00f5es estabelecidas neste artigo.<\/p>\n\n<h2 class=\"wp-block-heading\">Artigo 6.\u00ba: Propriedade intelectual<\/h2>\n\n<p>Todos os elementos do S\u00edtio (texto, imagens, gr\u00e1ficos, log\u00f3tipos, marcas registadas, etc.), incluindo a tecnologia subjacente, est\u00e3o protegidos pela lei dos direitos de autor e\/ou das marcas registadas e s\u00e3o propriedade exclusiva do Editor ou s\u00e3o utilizados com a autoriza\u00e7\u00e3o dos seus propriet\u00e1rios.<\/p>\n\n<p>Qualquer reprodu\u00e7\u00e3o, representa\u00e7\u00e3o, modifica\u00e7\u00e3o, publica\u00e7\u00e3o ou adapta\u00e7\u00e3o da totalidade ou de parte dos elementos do s\u00edtio, por qualquer meio ou processo, \u00e9 proibida sem a autoriza\u00e7\u00e3o pr\u00e9via por escrito do editor.<\/p>\n\n<h2 class=\"wp-block-heading\">Artigo 7.\u00ba: Responsabilidade<\/h2>\n\n<h3 class=\"wp-block-heading\">7.1. Responsabilidade do editor<\/h3>\n\n<p>O Editor esfor\u00e7a-se por garantir, na medida das suas possibilidades, que o S\u00edtio e os Servi\u00e7os est\u00e3o acess\u00edveis e funcionam corretamente. No entanto, n\u00e3o est\u00e1 vinculado a qualquer obriga\u00e7\u00e3o de resultado e declina qualquer responsabilidade:<\/p>\n\n<ul class=\"wp-block-list\">\n<li>Em caso de interrup\u00e7\u00e3o, avaria, modifica\u00e7\u00e3o ou mau funcionamento do s\u00edtio.<\/li>\n\n<li>Em caso de danos resultantes de uma intrus\u00e3o fraudulenta de terceiros que conduza \u00e0 modifica\u00e7\u00e3o das informa\u00e7\u00f5es disponibilizadas no s\u00edtio.<\/li>\n\n<li>Em caso de danos causados pelo Utilizador em resultado de neglig\u00eancia ou utiliza\u00e7\u00e3o indevida do S\u00edtio.<\/li>\n<\/ul>\n\n<h3 class=\"wp-block-heading\">7.2. Conte\u00fado publicado pelo utilizador (se aplic\u00e1vel)<\/h3>\n\n<p>Os utilizadores s\u00e3o os \u00fanicos respons\u00e1veis pelo conte\u00fado (texto, imagens, liga\u00e7\u00f5es, etc.) que publicam no s\u00edtio. O Editor actua como anfitri\u00e3o deste conte\u00fado e reserva-se o direito de remover qualquer conte\u00fado que seja claramente ilegal sem aviso pr\u00e9vio.<\/p>\n\n<h2 class=\"wp-block-heading\">Artigo 8.\u00ba: Hiperliga\u00e7\u00f5es<\/h2>\n\n<p>O S\u00edtio pode conter liga\u00e7\u00f5es de hipertexto para s\u00edtios de terceiros. O Editor n\u00e3o pode ser responsabilizado pela disponibilidade ou conte\u00fado desses s\u00edtios e n\u00e3o aceita qualquer responsabilidade pelos produtos, servi\u00e7os ou informa\u00e7\u00f5es dispon\u00edveis nesses s\u00edtios ou a partir deles.<\/p>\n\n<h2 class=\"wp-block-heading\">Artigo 9.\u00ba: Altera\u00e7\u00f5es \u00e0s CGU<\/h2>\n\n<p>O Editor reserva-se o direito de modificar estas CGU em qualquer altura. Em caso de modifica\u00e7\u00e3o substancial, o Utilizador ser\u00e1 informado por qualquer meio (notifica\u00e7\u00e3o no Site, e-mail). A vers\u00e3o modificada entrar\u00e1 em vigor a partir da data da sua publica\u00e7\u00e3o. A utiliza\u00e7\u00e3o continuada do S\u00edtio ap\u00f3s a publica\u00e7\u00e3o das altera\u00e7\u00f5es constitui a aceita\u00e7\u00e3o das novas CGU.<\/p>\n\n<h2 class=\"wp-block-heading\">Artigo 10\u00ba: Lei aplic\u00e1vel e jurisdi\u00e7\u00e3o competente<\/h2>\n\n<p>As presentes CGU s\u00e3o regidas pelo direito franc\u00eas.<\/p>\n\n<p>Qualquer lit\u00edgio que n\u00e3o seja resolvido de forma amig\u00e1vel ser\u00e1 submetido a :<\/p>\n\n<ul class=\"wp-block-list\">\n<li>Ou media\u00e7\u00e3o do consumidor (se o Utilizador for um consumidor e a lei o exigir).<\/li>\n\n<li>Ou para os tribunais competentes em rela\u00e7\u00e3o ao consumidor, consoante a legisla\u00e7\u00e3o aplic\u00e1vel).<\/li>\n<\/ul>\n<hr class=\"wp-block-separator has-alpha-channel-opacity\" \/>\n<p>\u00a0<\/p>\n\t\t\t\t\t\t\t\t<\/div>\n\t\t\t\t\t<\/div>\n\t\t\t\t<\/div>\n\t\t\t\t<\/div>","protected":false},"excerpt":{"rendered":"<p>Conditions G\u00e9n\u00e9rales d&rsquo;Utilisation (CGU) Date de la derni\u00e8re mise \u00e0 jour : 01\/12\/2025 Article 1 : Objet Les pr\u00e9sentes Conditions G\u00e9n\u00e9rales d&rsquo;Utilisation (ci-apr\u00e8s les \u00ab CGU \u00bb) ont pour objet &hellip; <a href=\"https:\/\/bangkokherping.com\/pt\/conditions-generales-dutilisation\/\" class=\"more-link\">Continue reading <span class=\"screen-reader-text\">Termos e condi\u00e7\u00f5es de utiliza\u00e7\u00e3o<\/span><\/a><\/p>","protected":false},"author":1,"featured_media":0,"parent":0,"menu_order":0,"comment_status":"closed","ping_status":"closed","template":"","meta":{"footnotes":""},"class_list":["post-15149","page","type-page","status-publish","hentry"],"_links":{"self":[{"href":"https:\/\/bangkokherping.com\/pt\/wp-json\/wp\/v2\/pages\/15149","targetHints":{"allow":["GET"]}}],"collection":[{"href":"https:\/\/bangkokherping.com\/pt\/wp-json\/wp\/v2\/pages"}],"about":[{"href":"https:\/\/bangkokherping.com\/pt\/wp-json\/wp\/v2\/types\/page"}],"author":[{"embeddable":true,"href":"https:\/\/bangkokherping.com\/pt\/wp-json\/wp\/v2\/users\/1"}],"replies":[{"embeddable":true,"href":"https:\/\/bangkokherping.com\/pt\/wp-json\/wp\/v2\/comments?post=15149"}],"version-history":[{"count":6,"href":"https:\/\/bangkokherping.com\/pt\/wp-json\/wp\/v2\/pages\/15149\/revisions"}],"predecessor-version":[{"id":15313,"href":"https:\/\/bangkokherping.com\/pt\/wp-json\/wp\/v2\/pages\/15149\/revisions\/15313"}],"wp:attachment":[{"href":"https:\/\/bangkokherping.com\/pt\/wp-json\/wp\/v2\/media?parent=15149"}],"curies":[{"name":"wp","href":"https:\/\/api.w.org\/{rel}","templated":true}]}}