{"id":2180,"date":"2024-05-02T11:57:32","date_gmt":"2024-05-02T11:57:32","guid":{"rendered":"https:\/\/www.themetechmount.com\/wordpress\/wilddale-adv\/?page_id=2180"},"modified":"2025-11-03T19:50:58","modified_gmt":"2025-11-03T19:50:58","slug":"contact-us","status":"publish","type":"page","link":"https:\/\/bangkokherping.com\/pa\/contact-us\/","title":{"rendered":"\u0a38\u0a3e\u0a21\u0a47 \u0a28\u0a3e\u0a32 \u0a38\u0a70\u0a2a\u0a30\u0a15 \u0a15\u0a30\u0a4b"},"content":{"rendered":"<div data-elementor-type=\"wp-page\" data-elementor-id=\"2180\" class=\"elementor elementor-2180\">\n\t\t\t\t\t\t<section class=\"elementor-section elementor-top-section elementor-element elementor-element-f5d7278 tm-column-break-ipad-yes elementor-section-full_width elementor-section-stretched tm-margin0-1024 elementor-hidden-desktop elementor-hidden-tablet elementor-hidden-mobile tm-col-stretched-none elementor-section-height-default elementor-section-height-default elementor-invisible\" data-id=\"f5d7278\" data-element_type=\"section\" data-settings=\"{&quot;stretch_section&quot;:&quot;section-stretched&quot;,&quot;animation&quot;:&quot;fadeIn&quot;}\">\n\t\t\t\t\t\t\t<div class=\"elementor-background-overlay\"><\/div>\n\t\t\t\t\t\t\t<div class=\"elementor-container elementor-column-gap-default\">\n\t\t\t\t\t<div class=\"elementor-column elementor-col-100 elementor-top-column elementor-element elementor-element-dcb5d23\" data-id=\"dcb5d23\" data-element_type=\"column\">\n\t\t\t<div class=\"elementor-widget-wrap elementor-element-populated\">\n\t\t\t\t\t\t<section class=\"elementor-section elementor-inner-section elementor-element elementor-element-e5b7641 tm-column-break-ipad-yes elementor-section-full_width tm-col-stretched-none elementor-section-height-default elementor-section-height-default\" data-id=\"e5b7641\" data-element_type=\"section\">\n\t\t\t\t\t\t<div class=\"elementor-container elementor-column-gap-default\">\n\t\t\t\t\t<div class=\"elementor-column elementor-col-50 elementor-inner-column elementor-element elementor-element-ad2ccf7\" data-id=\"ad2ccf7\" data-element_type=\"column\">\n\t\t\t<div class=\"elementor-widget-wrap elementor-element-populated\">\n\t\t\t\t\t\t<div class=\"elementor-element elementor-element-9acbfb3 elementor-widget elementor-widget-tm_marqueebox_element\" data-id=\"9acbfb3\" data-element_type=\"widget\" data-widget_type=\"tm_marqueebox_element.default\">\n\t\t\t\t<div class=\"elementor-widget-container\">\n\t\t\t\t\t<div class=\"themetechmount-boxes themetechmount-boxes-marqueebox themetechmount-element-marqueeboxbox-style1 themetechmount-boxes-view-default themetechmount-boxes-col-one\" data-tm-show=\"3\" data-tm-loop=\"1\" data-tm-autoplay=\"0\" data-tm-centermode=\"0\" data-tm-nav=\"\" data-tm-dots=\"\" data-tm-slidestoscroll=\"\" data-tm-autoplayspeed=\"4500\" data-tm-margin=\"\"><div class=\"themetechmount-boxes-inner\">\r\n\t\t<div class=\"themetechmount-boxes-row-wrapper tm-marqueebox-wrapper tm-marqueebox-style1\">\r\n\t\t<div class=\"tm-box-col-wrapper\"><div class=\"tm-marquee-box-wrapper\">\r\n\t<div class=\"tm-marquee-box-content\">\r\n\t  <div class=\"tm-box-title\">\r\n\t  <h4>\u0a38\u0a3e\u0a28\u0a42\u0a70 \u0a38\u0a2d \u0a15\u0a41\u0a1d \u0a26\u0a71\u0a38\u0a4b!<\/h4>\t  \t  <\/div> \r\n\t<\/div>\r\n<\/div><\/div>\r\n\t\t<\/div>\r\n\t\t<\/div><!-- .themetechmount-boxes-inner -->   <\/div><!-- .themetechmount-boxes -->  \t\t\t\t<\/div>\n\t\t\t\t<\/div>\n\t\t\t\t\t<\/div>\n\t\t<\/div>\n\t\t\t\t<div class=\"elementor-column elementor-col-50 elementor-inner-column elementor-element elementor-element-9fc16c6 tm-bgcolor-yes tm-col-bgcolor-darkgrey\" data-id=\"9fc16c6\" data-element_type=\"column\" data-settings=\"{&quot;background_background&quot;:&quot;classic&quot;}\">\n\t\t\t<div class=\"elementor-widget-wrap elementor-element-populated\">\n\t\t\t\t\t<div class=\"elementor-background-overlay\"><\/div>\n\t\t\t\t\t\t<div class=\"elementor-element elementor-element-f1786c9 elementor-widget__width-initial elementor-widget elementor-widget-heading\" data-id=\"f1786c9\" data-element_type=\"widget\" data-widget_type=\"heading.default\">\n\t\t\t\t\t<h2 class=\"elementor-heading-title elementor-size-default\">\u0a38\u0a3e\u0a28\u0a42\u0a70 \u0a38\u0a2d \u0a15\u0a41\u0a1d \u0a26\u0a71\u0a38\u0a4b!<\/h2>\t\t\t\t<\/div>\n\t\t\t\t<div class=\"elementor-element elementor-element-a0d5fed elementor-widget elementor-widget-shortcode\" data-id=\"a0d5fed\" data-element_type=\"widget\" data-widget_type=\"shortcode.default\">\n\t\t\t\t\t\t\t<div class=\"elementor-shortcode\">\n<div class=\"wpcf7 no-js\" id=\"wpcf7-f2207-o1\" lang=\"en-US\" dir=\"ltr\" data-wpcf7-id=\"2207\">\n<div class=\"screen-reader-response\"><p role=\"status\" aria-live=\"polite\" aria-atomic=\"true\"><\/p> <ul><\/ul><\/div>\n<form action=\"\/pa\/wp-json\/wp\/v2\/pages\/2180#wpcf7-f2207-o1\" method=\"post\" class=\"wpcf7-form init\" aria-label=\"Contact form\" novalidate=\"novalidate\" data-status=\"init\" data-trp-original-action=\"\/pa\/wp-json\/wp\/v2\/pages\/2180#wpcf7-f2207-o1\">\n<fieldset class=\"hidden-fields-container\"><input type=\"hidden\" name=\"_wpcf7\" value=\"2207\" \/><input type=\"hidden\" name=\"_wpcf7_version\" value=\"6.1.1\" \/><input type=\"hidden\" name=\"_wpcf7_locale\" value=\"en_US\" \/><input type=\"hidden\" name=\"_wpcf7_unit_tag\" value=\"wpcf7-f2207-o1\" \/><input type=\"hidden\" name=\"_wpcf7_container_post\" value=\"0\" \/><input type=\"hidden\" name=\"_wpcf7_posted_data_hash\" value=\"\" \/>\n<\/fieldset>\n<div class=\"tm-contactus-form5\">\n\t<div class=\"field-group\">\n\t\t<p><span class=\"wpcf7-form-control-wrap\" data-name=\"your-name\"><input size=\"40\" maxlength=\"400\" class=\"wpcf7-form-control wpcf7-text wpcf7-validates-as-required\" aria-required=\"true\" aria-invalid=\"false\" placeholder=\"\u0a28\u0a3e\u0a2e\" value=\"\" type=\"text\" name=\"your-name\" \/><\/span>\n\t\t<\/p>\n\t<\/div>\n\t<div class=\"field-group\">\n\t\t<p><span class=\"wpcf7-form-control-wrap\" data-name=\"your-email\"><input size=\"40\" maxlength=\"400\" class=\"wpcf7-form-control wpcf7-email wpcf7-validates-as-required wpcf7-text wpcf7-validates-as-email\" aria-required=\"true\" aria-invalid=\"false\" placeholder=\"\u0a08\u0a2e\u0a47\u0a32 \u0a2a\u0a24\u0a3e\" value=\"\" type=\"email\" name=\"your-email\" \/><\/span>\n\t\t<\/p>\n\t<\/div>\n\t<div class=\"field-group\">\n\t\t<p><span class=\"wpcf7-form-control-wrap\" data-name=\"your-phone-number\"><input size=\"40\" maxlength=\"400\" class=\"wpcf7-form-control wpcf7-text wpcf7-validates-as-required\" aria-required=\"true\" aria-invalid=\"false\" placeholder=\"\u0a2b\u0a4b\u0a28 \u0a28\u0a70\u0a2c\u0a30\" value=\"\" type=\"text\" name=\"your-phone-number\" \/><\/span>\n\t\t<\/p>\n\t<\/div>\n\t<p><textarea type=\"text\" name=\"message\" placeholder=\"\u0a38\u0a41\u0a28\u0a47\u0a39\u0a3e\"><\/textarea><br \/>\n<button type=\"submit\" class=\"btn btn-submit\">\u0a1c\u0a2e\u0a4d\u0a39\u0a3e\u0a02 \u0a15\u0a30\u0a4b<i class=\"tm-wilddale-icon-arrow-right\"><\/i><\/button>\n\t<\/p>\n<\/div><div class=\"wpcf7-response-output\" aria-hidden=\"true\"><\/div>\n<input type=\"hidden\" name=\"trp-form-language\" value=\"pa\"\/><\/form>\n<\/div>\n<\/div>\n\t\t\t\t\t\t<\/div>\n\t\t\t\t\t<\/div>\n\t\t<\/div>\n\t\t\t\t\t<\/div>\n\t\t<\/section>\n\t\t\t\t<section class=\"elementor-section elementor-inner-section elementor-element elementor-element-3a7e34d tm-column-break-ipad-yes elementor-section-full_width elementor-section-content-middle tm-col-stretched-none elementor-section-height-default elementor-section-height-default\" data-id=\"3a7e34d\" data-element_type=\"section\">\n\t\t\t\t\t\t<div class=\"elementor-container elementor-column-gap-default\">\n\t\t\t\t\t<div class=\"elementor-column elementor-col-50 elementor-inner-column elementor-element elementor-element-eaee471\" data-id=\"eaee471\" data-element_type=\"column\">\n\t\t\t<div class=\"elementor-widget-wrap elementor-element-populated\">\n\t\t\t\t\t\t<div class=\"elementor-element elementor-element-bc83699 elementor-widget elementor-widget-tm_icon_heading\" data-id=\"bc83699\" data-element_type=\"widget\" data-widget_type=\"tm_icon_heading.default\">\n\t\t\t\t<div class=\"elementor-widget-container\">\n\t\t\t\t\t\r\n<div class=\"themetechmount-iconbox themetechmount-iconbox-styletwelve themetechmount-iconcolor-white\">\r\n\r\n<div class=\"themetechmount-iconbox-inner\">\r\n\t\t<div class=\"tm-iconbox-wrapper tm-wrap\">\r\n\t\t\t<div class=\"themetechmount-iconbox-icon tm-wrap-cell\">\r\n\t\t\t<div class=\"tm-box-icon\"><i class=\"fas fa-phone-alt\"><\/i><\/div>\t\t\t<\/div>\r\n\t\t\t<div class=\"themetechmount-iconbox-heading tm-wrap-cell\">\r\n\t\t\t\t<h2 class=\"tm-custom-heading\">\n\t\t\t\t\t<a href=\"tel:+66 963510660\"><span>\n\t\t\t\t\t\t+66 963510660\n\t\t\t\t\t<\/span><\/a>\n\t\t\t\t\t<\/h2>\n\t\t\t\t\t\t\t\t\t\t\t\t\t\t\t\t\t\t\t<\/div>\t\r\n\t\t<\/div>\r\n\t<\/div>\t\r\n\r\n<\/div>\r\n\t\t\t\t\t<\/div>\n\t\t\t\t<\/div>\n\t\t\t\t\t<\/div>\n\t\t<\/div>\n\t\t\t\t<div class=\"elementor-column elementor-col-50 elementor-inner-column elementor-element elementor-element-361501a\" data-id=\"361501a\" data-element_type=\"column\">\n\t\t\t<div class=\"elementor-widget-wrap elementor-element-populated\">\n\t\t\t\t\t\t<div class=\"elementor-element elementor-element-2b6f3f9 elementor-widget elementor-widget-tm_icon_heading\" data-id=\"2b6f3f9\" data-element_type=\"widget\" data-widget_type=\"tm_icon_heading.default\">\n\t\t\t\t<div class=\"elementor-widget-container\">\n\t\t\t\t\t\r\n<div class=\"themetechmount-iconbox themetechmount-iconbox-styletwelve themetechmount-iconcolor-white\">\r\n\r\n<div class=\"themetechmount-iconbox-inner\">\r\n\t\t<div class=\"tm-iconbox-wrapper tm-wrap\">\r\n\t\t\t<div class=\"themetechmount-iconbox-icon tm-wrap-cell\">\r\n\t\t\t<div class=\"tm-box-icon\"><i class=\"kw_wilddale flaticon-email\"><\/i><\/div>\t\t\t<\/div>\r\n\t\t\t<div class=\"themetechmount-iconbox-heading tm-wrap-cell\">\r\n\t\t\t\t<h2 class=\"tm-custom-heading\">\n\t\t\t\t\t<a href=\"\/pa\/bangkokherping@gmail.com\/\"><span>\n\t\t\t\t\t\tbangkokherping@gmail.com\n\t\t\t\t\t<\/span><\/a>\n\t\t\t\t\t<\/h2>\n\t\t\t\t\t\t\t\t\t\t\t\t\t\t\t\t\t\t\t<\/div>\t\r\n\t\t<\/div>\r\n\t<\/div>\t\r\n\r\n<\/div>\r\n\t\t\t\t\t<\/div>\n\t\t\t\t<\/div>\n\t\t\t\t\t<\/div>\n\t\t<\/div>\n\t\t\t\t\t<\/div>\n\t\t<\/section>\n\t\t\t\t\t<\/div>\n\t\t<\/div>\n\t\t\t\t\t<\/div>\n\t\t<\/section>\n\t\t<div class=\"elementor-element elementor-element-21dc06e e-con-full tm-margin0-1024 e-flex elementor-invisible e-con e-parent\" data-id=\"21dc06e\" data-element_type=\"container\" data-settings=\"{&quot;animation&quot;:&quot;fadeIn&quot;}\">\n\t\t<div class=\"elementor-element elementor-element-56710bc e-con-full e-flex e-con e-child\" data-id=\"56710bc\" data-element_type=\"container\">\n\t\t<div class=\"elementor-element elementor-element-273db2a e-con-full e-flex e-con e-child\" data-id=\"273db2a\" data-element_type=\"container\">\n\t\t<div class=\"elementor-element elementor-element-f17aab0 e-con-full e-flex e-con e-child\" data-id=\"f17aab0\" data-element_type=\"container\">\n\t\t\t\t<div class=\"elementor-element elementor-element-406c5a0 elementor-widget elementor-widget-text-editor\" data-id=\"406c5a0\" data-element_type=\"widget\" data-widget_type=\"text-editor.default\">\n\t\t\t\t\t\t\t\t\t<h2>\ud83d\udc6a \u0a35\u0a40\u0a06\u0a08\u0a2a\u0a40 \u0a05\u0a24\u0a47 \u0a05\u0a28\u0a41\u0a15\u0a42\u0a32\u0a3f\u0a24 \u0a05\u0a28\u0a41\u0a2d\u0a35<\/h2><p>\u0a15\u0a40 \u0a24\u0a41\u0a38\u0a40\u0a02 \u0a06\u0a2a\u0a23\u0a40\u0a06\u0a02 \u0a07\u0a71\u0a1b\u0a3e\u0a35\u0a3e\u0a02 \u0a05\u0a28\u0a41\u0a38\u0a3e\u0a30 \u0a07\u0a71\u0a15 \u0a35\u0a3f\u0a32\u0a71\u0a16\u0a23 \u0a05\u0a28\u0a41\u0a2d\u0a35 \u0a1a\u0a3e\u0a39\u0a41\u0a70\u0a26\u0a47 \u0a39\u0a4b? \u0a05\u0a38\u0a40\u0a02 \u0a06\u0a2a\u0a23\u0a47 VIP \u0a2e\u0a39\u0a3f\u0a2e\u0a3e\u0a28\u0a3e\u0a02 \u0a32\u0a08 \u0a28\u0a3f\u0a71\u0a1c\u0a40 \u0a05\u0a24\u0a47 \u0a35\u0a3f\u0a05\u0a15\u0a24\u0a40\u0a17\u0a24 \u0a1f\u0a42\u0a30 \u0a2a\u0a47\u0a38\u0a3c \u0a15\u0a30\u0a26\u0a47 \u0a39\u0a3e\u0a02\u0964 \u0a2d\u0a3e\u0a35\u0a47\u0a02 \u0a24\u0a41\u0a38\u0a40\u0a02 \u0a2a\u0a42\u0a30\u0a40 \u0a24\u0a30\u0a4d\u0a39\u0a3e\u0a02 \u0a21\u0a41\u0a71\u0a2c\u0a23, \u0a07\u0a71\u0a15 \u0a16\u0a3e\u0a38 \u0a2f\u0a3e\u0a24\u0a30\u0a3e \u0a2a\u0a4d\u0a30\u0a4b\u0a17\u0a30\u0a3e\u0a2e, \u0a1c\u0a3e\u0a02 \u0a35\u0a3f\u0a38\u0a3c\u0a47\u0a38\u0a3c \u0a38\u0a39\u0a3e\u0a07\u0a24\u0a3e \u0a26\u0a40 \u0a2e\u0a70\u0a17 \u0a15\u0a30 \u0a30\u0a39\u0a47 \u0a39\u0a4b, \u0a38\u0a3e\u0a21\u0a40 \u0a1f\u0a40\u0a2e \u0a24\u0a41\u0a39\u0a3e\u0a21\u0a47 \u0a32\u0a08 \u0a07\u0a71\u0a15 \u0a35\u0a3f\u0a38\u0a3c\u0a47\u0a38\u0a3c \u0a2a\u0a4d\u0a30\u0a4b\u0a17\u0a30\u0a3e\u0a2e \u0a24\u0a3f\u0a06\u0a30 \u0a15\u0a30\u0a15\u0a47 \u0a16\u0a41\u0a38\u0a3c \u0a39\u0a4b\u0a35\u0a47\u0a17\u0a40\u0964 \u0a15\u0a3f\u0a38\u0a47 \u0a35\u0a40 \u0a35\u0a3f\u0a38\u0a3c\u0a47\u0a38\u0a3c \u0a2c\u0a47\u0a28\u0a24\u0a40 \u0a32\u0a08, \u0a15\u0a3f\u0a30\u0a2a\u0a3e \u0a15\u0a30\u0a15\u0a47 \u0a39\u0a47\u0a20\u0a3e\u0a02 \u0a26\u0a3f\u0a71\u0a24\u0a47 \u0a2a\u0a24\u0a47 &#039;\u0a24\u0a47 \u0a38\u0a3f\u0a71\u0a27\u0a3e \u0a38\u0a3e\u0a21\u0a47 \u0a28\u0a3e\u0a32 \u0a38\u0a70\u0a2a\u0a30\u0a15 \u0a15\u0a30\u0a4b: <a href=\"mailto:bangkokherping@gmail.com\">bangkokherping@gmail.com<\/a><\/p>\t\t\t\t\t\t\t\t<\/div>\n\t\t\t\t<\/div>\n\t\t<div class=\"elementor-element elementor-element-9366f19 e-con-full e-flex e-con e-child\" data-id=\"9366f19\" data-element_type=\"container\" data-settings=\"{&quot;background_background&quot;:&quot;classic&quot;}\">\n\t\t\t\t<div class=\"elementor-element elementor-element-f21aff9 elementor-widget__width-initial elementor-widget elementor-widget-heading\" data-id=\"f21aff9\" data-element_type=\"widget\" data-widget_type=\"heading.default\">\n\t\t\t\t\t<h2 class=\"elementor-heading-title elementor-size-default\">\u0a38\u0a3e\u0a28\u0a42\u0a70 \u0a38\u0a2d \u0a15\u0a41\u0a1d \u0a26\u0a71\u0a38\u0a4b!<\/h2>\t\t\t\t<\/div>\n\t\t\t\t<div class=\"elementor-element elementor-element-9ee4e5f elementor-widget elementor-widget-shortcode\" data-id=\"9ee4e5f\" data-element_type=\"widget\" data-widget_type=\"shortcode.default\">\n\t\t\t\t\t\t\t<div class=\"elementor-shortcode\">\n<div class=\"wpcf7 no-js\" id=\"wpcf7-f2207-o2\" lang=\"en-US\" dir=\"ltr\" data-wpcf7-id=\"2207\">\n<div class=\"screen-reader-response\"><p role=\"status\" aria-live=\"polite\" aria-atomic=\"true\"><\/p> <ul><\/ul><\/div>\n<form action=\"\/pa\/wp-json\/wp\/v2\/pages\/2180#wpcf7-f2207-o2\" method=\"post\" class=\"wpcf7-form init\" aria-label=\"Contact form\" novalidate=\"novalidate\" data-status=\"init\" data-trp-original-action=\"\/pa\/wp-json\/wp\/v2\/pages\/2180#wpcf7-f2207-o2\">\n<fieldset class=\"hidden-fields-container\"><input type=\"hidden\" name=\"_wpcf7\" value=\"2207\" \/><input type=\"hidden\" name=\"_wpcf7_version\" value=\"6.1.1\" \/><input type=\"hidden\" name=\"_wpcf7_locale\" value=\"en_US\" \/><input type=\"hidden\" name=\"_wpcf7_unit_tag\" value=\"wpcf7-f2207-o2\" \/><input type=\"hidden\" name=\"_wpcf7_container_post\" value=\"0\" \/><input type=\"hidden\" name=\"_wpcf7_posted_data_hash\" value=\"\" \/>\n<\/fieldset>\n<div class=\"tm-contactus-form5\">\n\t<div class=\"field-group\">\n\t\t<p><span class=\"wpcf7-form-control-wrap\" data-name=\"your-name\"><input size=\"40\" maxlength=\"400\" class=\"wpcf7-form-control wpcf7-text wpcf7-validates-as-required\" aria-required=\"true\" aria-invalid=\"false\" placeholder=\"\u0a28\u0a3e\u0a2e\" value=\"\" type=\"text\" name=\"your-name\" \/><\/span>\n\t\t<\/p>\n\t<\/div>\n\t<div class=\"field-group\">\n\t\t<p><span class=\"wpcf7-form-control-wrap\" data-name=\"your-email\"><input size=\"40\" maxlength=\"400\" class=\"wpcf7-form-control wpcf7-email wpcf7-validates-as-required wpcf7-text wpcf7-validates-as-email\" aria-required=\"true\" aria-invalid=\"false\" placeholder=\"\u0a08\u0a2e\u0a47\u0a32 \u0a2a\u0a24\u0a3e\" value=\"\" type=\"email\" name=\"your-email\" \/><\/span>\n\t\t<\/p>\n\t<\/div>\n\t<div class=\"field-group\">\n\t\t<p><span class=\"wpcf7-form-control-wrap\" data-name=\"your-phone-number\"><input size=\"40\" maxlength=\"400\" class=\"wpcf7-form-control wpcf7-text wpcf7-validates-as-required\" aria-required=\"true\" aria-invalid=\"false\" placeholder=\"\u0a2b\u0a4b\u0a28 \u0a28\u0a70\u0a2c\u0a30\" value=\"\" type=\"text\" name=\"your-phone-number\" \/><\/span>\n\t\t<\/p>\n\t<\/div>\n\t<p><textarea type=\"text\" name=\"message\" placeholder=\"\u0a38\u0a41\u0a28\u0a47\u0a39\u0a3e\"><\/textarea><br \/>\n<button type=\"submit\" class=\"btn btn-submit\">\u0a1c\u0a2e\u0a4d\u0a39\u0a3e\u0a02 \u0a15\u0a30\u0a4b<i class=\"tm-wilddale-icon-arrow-right\"><\/i><\/button>\n\t<\/p>\n<\/div><div class=\"wpcf7-response-output\" aria-hidden=\"true\"><\/div>\n<input type=\"hidden\" name=\"trp-form-language\" value=\"pa\"\/><\/form>\n<\/div>\n<\/div>\n\t\t\t\t\t\t<\/div>\n\t\t\t\t<\/div>\n\t\t\t\t<\/div>\n\t\t<div class=\"elementor-element elementor-element-8e2c53c e-con-full e-flex e-con e-child\" data-id=\"8e2c53c\" data-element_type=\"container\">\n\t\t<div class=\"elementor-element elementor-element-f94a4fd e-con-full e-flex e-con e-child\" data-id=\"f94a4fd\" data-element_type=\"container\">\n\t\t\t\t<div class=\"elementor-element elementor-element-126c46c elementor-widget elementor-widget-tm_icon_heading\" data-id=\"126c46c\" data-element_type=\"widget\" data-widget_type=\"tm_icon_heading.default\">\n\t\t\t\t<div class=\"elementor-widget-container\">\n\t\t\t\t\t\r\n<div class=\"themetechmount-iconbox themetechmount-iconbox-styletwelve themetechmount-iconcolor-white\">\r\n\r\n<div class=\"themetechmount-iconbox-inner\">\r\n\t\t<div class=\"tm-iconbox-wrapper tm-wrap\">\r\n\t\t\t<div class=\"themetechmount-iconbox-icon tm-wrap-cell\">\r\n\t\t\t<div class=\"tm-box-icon\"><i class=\"fas fa-phone-alt\"><\/i><\/div>\t\t\t<\/div>\r\n\t\t\t<div class=\"themetechmount-iconbox-heading tm-wrap-cell\">\r\n\t\t\t\t<h2 class=\"tm-custom-heading\">\n\t\t\t\t\t<a href=\"tel:+66977830284\"><span>\n\t\t\t\t\t\t+66 97 783 0284\n\n\t\t\t\t\t<\/span><\/a>\n\t\t\t\t\t<\/h2>\n\t\t\t\t\t\t\t\t\t\t\t\t\t\t\t\t\t\t\t<\/div>\t\r\n\t\t<\/div>\r\n\t<\/div>\t\r\n\r\n<\/div>\r\n\t\t\t\t\t<\/div>\n\t\t\t\t<\/div>\n\t\t\t\t<\/div>\n\t\t<div class=\"elementor-element elementor-element-698bc70 e-con-full e-flex e-con e-child\" data-id=\"698bc70\" data-element_type=\"container\">\n\t\t\t\t<div class=\"elementor-element elementor-element-abac97a elementor-widget elementor-widget-tm_icon_heading\" data-id=\"abac97a\" data-element_type=\"widget\" data-widget_type=\"tm_icon_heading.default\">\n\t\t\t\t<div class=\"elementor-widget-container\">\n\t\t\t\t\t\r\n<div class=\"themetechmount-iconbox themetechmount-iconbox-styletwelve themetechmount-iconcolor-white\">\r\n\r\n<div class=\"themetechmount-iconbox-inner\">\r\n\t\t<div class=\"tm-iconbox-wrapper tm-wrap\">\r\n\t\t\t<div class=\"themetechmount-iconbox-icon tm-wrap-cell\">\r\n\t\t\t<div class=\"tm-box-icon\"><i class=\"kw_wilddale flaticon-email\"><\/i><\/div>\t\t\t<\/div>\r\n\t\t\t<div class=\"themetechmount-iconbox-heading tm-wrap-cell\">\r\n\t\t\t\t<h2 class=\"tm-custom-heading\">\n\t\t\t\t\t<a href=\"\/pa\/bangkokherping@gmail.com\/\"><span>\n\t\t\t\t\t\tbangkokherping@gmail.com\n\t\t\t\t\t<\/span><\/a>\n\t\t\t\t\t<\/h2>\n\t\t\t\t\t\t\t\t\t\t\t\t\t\t\t\t\t\t\t<\/div>\t\r\n\t\t<\/div>\r\n\t<\/div>\t\r\n\r\n<\/div>\r\n\t\t\t\t\t<\/div>\n\t\t\t\t<\/div>\n\t\t\t\t<\/div>\n\t\t\t\t<\/div>\n\t\t\t\t<\/div>\n\t\t\t\t<\/div>\n\t\t\t\t<\/div>","protected":false},"excerpt":{"rendered":"<p>D\u00eetes-nous tout ! D\u00eetes-nous tout ! +66 963510660 bangkokherping@gmail.com \ud83d\udc6a Exp\u00e9rience VIP &amp; sur-mesure Vous souhaitez une exp\u00e9rience unique, adapt\u00e9e \u00e0 vos envies ? Nous proposons des tours priv\u00e9s et &hellip; <a href=\"https:\/\/bangkokherping.com\/pa\/contact-us\/\" class=\"more-link\">Continue reading <span class=\"screen-reader-text\">\u0a38\u0a3e\u0a21\u0a47 \u0a28\u0a3e\u0a32 \u0a38\u0a70\u0a2a\u0a30\u0a15 \u0a15\u0a30\u0a4b<\/span><\/a><\/p>","protected":false},"author":1,"featured_media":0,"parent":0,"menu_order":0,"comment_status":"closed","ping_status":"closed","template":"","meta":{"footnotes":""},"class_list":["post-2180","page","type-page","status-publish","hentry"],"_links":{"self":[{"href":"https:\/\/bangkokherping.com\/pa\/wp-json\/wp\/v2\/pages\/2180","targetHints":{"allow":["GET"]}}],"collection":[{"href":"https:\/\/bangkokherping.com\/pa\/wp-json\/wp\/v2\/pages"}],"about":[{"href":"https:\/\/bangkokherping.com\/pa\/wp-json\/wp\/v2\/types\/page"}],"author":[{"embeddable":true,"href":"https:\/\/bangkokherping.com\/pa\/wp-json\/wp\/v2\/users\/1"}],"replies":[{"embeddable":true,"href":"https:\/\/bangkokherping.com\/pa\/wp-json\/wp\/v2\/comments?post=2180"}],"version-history":[{"count":48,"href":"https:\/\/bangkokherping.com\/pa\/wp-json\/wp\/v2\/pages\/2180\/revisions"}],"predecessor-version":[{"id":15341,"href":"https:\/\/bangkokherping.com\/pa\/wp-json\/wp\/v2\/pages\/2180\/revisions\/15341"}],"wp:attachment":[{"href":"https:\/\/bangkokherping.com\/pa\/wp-json\/wp\/v2\/media?parent=2180"}],"curies":[{"name":"wp","href":"https:\/\/api.w.org\/{rel}","templated":true}]}}