{"id":15151,"date":"2025-10-24T17:43:01","date_gmt":"2025-10-24T17:43:01","guid":{"rendered":"https:\/\/bangkokherping.com\/?page_id=15151"},"modified":"2025-10-31T02:57:28","modified_gmt":"2025-10-31T02:57:28","slug":"politique-dutilisation-des-cookies","status":"publish","type":"page","link":"https:\/\/bangkokherping.com\/es\/politique-dutilisation-des-cookies\/","title":{"rendered":"Pol\u00edtica de uso de cookies"},"content":{"rendered":"<div data-elementor-type=\"wp-page\" data-elementor-id=\"15151\" class=\"elementor elementor-15151\">\n\t\t\t\t<div class=\"elementor-element elementor-element-24ed72ba e-flex e-con-boxed e-con e-parent\" data-id=\"24ed72ba\" data-element_type=\"container\">\n\t\t\t\t\t<div class=\"e-con-inner\">\n\t\t\t\t<div class=\"elementor-element elementor-element-7dc67c2e elementor-widget elementor-widget-text-editor\" data-id=\"7dc67c2e\" data-element_type=\"widget\" data-widget_type=\"text-editor.default\">\n\t\t\t\t\t\t\t\t\t\n<p>\u00a0<\/p>\n<hr class=\"wp-block-separator has-alpha-channel-opacity\" \/>\n<h1 class=\"wp-block-heading\">Pol\u00edtica de uso de cookies<\/h1>\n\n<p>Fecha de la \u00faltima actualizaci\u00f3n: 01\/12\/20225<\/p>\n\n<h2 class=\"wp-block-heading\">1. \u00bfQu\u00e9 es una galleta?<\/h2>\n\n<p>Una cookie es un peque\u00f1o archivo de texto o rastreador que se coloca en su terminal (ordenador, tableta, smartphone) cuando visita nuestro sitio web [bangkokherping.com] (el \u00abSitio\u00bb). Estos archivos permiten al editor del sitio web leer y registrar informaci\u00f3n sobre su navegaci\u00f3n.<\/p>\n\n<p>Las cookies pueden utilizarse para diversos fines: recordar su identificaci\u00f3n de cliente, seguir su comportamiento de navegaci\u00f3n con fines estad\u00edsticos o publicitarios, etc.<\/p>\n\n<h2 class=\"wp-block-heading\">2. Nuestro uso de cookies<\/h2>\n\n<p>Utilizamos cookies para los siguientes fines:<\/p>\n\n<figure class=\"wp-block-table\">\n<table class=\"has-fixed-layout\">\n<thead>\n<tr>\n<td>Categor\u00eda de galletas<\/td>\n<td>Prop\u00f3sito<\/td>\n<td>\u00bfNecesita su consentimiento?<\/td>\n<\/tr>\n<\/thead>\n<tbody>\n<tr>\n<td>Cookies estrictamente necesarias (t\u00e9cnicas)<\/td>\n<td>Permitir que el Sitio funcione correctamente. Ejemplos: almacenamiento de la cesta de la compra, gesti\u00f3n de la sesi\u00f3n del usuario, seguridad.<\/td>\n<td>NO (Esencial para el servicio)<\/td>\n<\/tr>\n<tr>\n<td>Cookies de medici\u00f3n de audiencia (anal\u00edticas)<\/td>\n<td>Permitir la elaboraci\u00f3n de estad\u00edsticas an\u00f3nimas sobre el tr\u00e1fico y el uso (n\u00famero de visitas, p\u00e1ginas consultadas, origen del tr\u00e1fico) con el fin de mejorar la ergonom\u00eda y el contenido del Sitio.<\/td>\n<td>S\u00cd<\/td>\n<\/tr>\n<tr>\n<td>Cookies publicitarias (Targeting)<\/td>\n<td>Permitirnos ofrecerle publicidad relevante adaptada a sus intereses, tanto en nuestro Sitio como en sitios de terceros.<\/td>\n<td>S\u00cd<\/td>\n<\/tr>\n<tr>\n<td>Cookies de redes sociales<\/td>\n<td>Permitir la integraci\u00f3n de m\u00f3dulos sociales (botones para compartir, widgets) que permitan compartir los contenidos del Sitio con otras personas.<\/td>\n<td>O<strong>I<\/strong><\/td>\n<\/tr>\n<\/tbody>\n<\/table>\n<\/figure>\n\n<h2 class=\"wp-block-heading\">3. Tipos de cookies que utilizamos<\/h2>\n\n<p>Utilizamos cookies internas y de terceros:<\/p>\n\n<ul class=\"wp-block-list\">\n<li>Cookies internas (o de \u00abprimera parte\u00bb): Son depositadas directamente por nuestro Sitio y son utilizadas exclusivamente por nosotros para operar y mejorar el Sitio.<\/li>\n\n<li>Cookies de terceros: Son depositadas por socios (como Google Analytics, redes sociales, plataformas publicitarias) a trav\u00e9s de herramientas integradas en nuestras p\u00e1ginas. Estos terceros act\u00faan como responsables del tratamiento y gestionan los datos recogidos de acuerdo con sus propias pol\u00edticas de confidencialidad.<\/li>\n<\/ul>\n\n<figure class=\"wp-block-table\">\n<table class=\"has-fixed-layout\">\n<thead>\n<tr>\n<td>Nombre del servicio de terceros<\/td>\n<td>Tipo de cookie<\/td>\n<td>Enlace a su pol\u00edtica de privacidad<\/td>\n<\/tr>\n<\/thead>\n<tbody>\n<tr>\n<td>Google Analytics<\/td>\n<td>Medici\u00f3n de la audiencia<\/td>\n<td>[Enlace a la pol\u00edtica de Google]<\/td>\n<\/tr>\n<tr>\n<td>Facebook \/ Meta Pixel<\/td>\n<td>Publicidad, Redes sociales<\/td>\n<td>[Enlace a la metapol\u00edtica]<\/td>\n<\/tr>\n<tr>\n<td>\u00a0<\/td>\n<td>\u00a0<\/td>\n<td>\u00a0<\/td>\n<\/tr>\n<\/tbody>\n<\/table>\n<\/figure>\n\n<h2 class=\"wp-block-heading\">4. Sus opciones con respecto a las cookies<\/h2>\n\n<p>De conformidad con la normativa (RGPD y directivas sobre privacidad electr\u00f3nica), las cookies que no sean estrictamente necesarias para el funcionamiento del Sitio no podr\u00e1n depositarse sin su consentimiento expl\u00edcito.<\/p>\n\n<p>Dispone de varias opciones para gestionar, aceptar o rechazar el dep\u00f3sito de cookies:<\/p>\n\n<h3 class=\"wp-block-heading\">A. A trav\u00e9s de nuestro banner de consentimiento<\/h3>\n\n<p>Cuando visita nuestro Sitio por primera vez, un banner informativo le permite :<\/p>\n\n<ol class=\"wp-block-list\" start=\"1\">\n<li>Aceptar todas las cookies.<\/li>\n\n<li>Rechazar todas las cookies (excepto las estrictamente necesarias).<\/li>\n\n<li>Personalice sus opciones por categor\u00eda de destino o por servicio.<\/li>\n<\/ol>\n\n<p>Puede cambiar sus preferencias de consentimiento en cualquier momento haciendo clic en el enlace [Enlace a la herramienta de gesti\u00f3n de cookies] (a menudo situado a pie de p\u00e1gina).<\/p>\n\n<h3 class=\"wp-block-heading\">B. A trav\u00e9s de la configuraci\u00f3n de su navegador<\/h3>\n\n<p>Puede configurar su navegador para que las cookies se almacenen en su terminal o, por el contrario, se rechacen. La configuraci\u00f3n es diferente para cada navegador. Por lo general, encontrar\u00e1 esta opci\u00f3n en los men\u00fas \u00abAyuda\u00bb, \u00abHerramientas\u00bb o \u00abConfiguraci\u00f3n\u00bb de su navegador:<\/p>\n\n<ul class=\"wp-block-list\">\n<li>Chrome : [Compatibilidad con Google Chrome]<\/li>\n\n<li>Firefox : [compatibilidad con Mozilla Firefox]<\/li>\n\n<li>Safari : [Soporte Apple Safari]<\/li>\n\n<li>Edge\/Internet Explorer : [Soporte de Microsoft]<\/li>\n<\/ul>\n\n<p>Advertencia: La negativa a instalar una cookie puede tener como consecuencia la imposibilidad de acceder a determinados servicios o funcionalidades del Sitio. Declinamos toda responsabilidad por las consecuencias de la degradaci\u00f3n del funcionamiento del Sitio resultante de su negativa.<\/p>\n\n<h2 class=\"wp-block-heading\">5. 5. Vida \u00fatil<\/h2>\n\n<p>Las cookies que almacenamos son v\u00e1lidas durante un m\u00e1ximo de 13 meses a partir de la fecha en que se almacenan por primera vez. Al final de este periodo, se le solicitar\u00e1 de nuevo su consentimiento.<\/p>\n\n<h2 class=\"wp-block-heading\">6. M\u00e1s informaci\u00f3n en<\/h2>\n\n<p>Si tiene alguna pregunta sobre esta pol\u00edtica de cookies, p\u00f3ngase en contacto con nuestro responsable del tratamiento de datos :<\/p>\n\n<ul class=\"wp-block-list\">\n<li>Direcci\u00f3n de correo electr\u00f3nico: bangkokherping.com<\/li>\n<\/ul>\n\n<p>Para m\u00e1s informaci\u00f3n sobre cookies y rastreadores, puede consultar el sitio web de la autoridad supervisora competente (por ejemplo, la CNIL en Francia).<\/p>\n<hr class=\"wp-block-separator has-alpha-channel-opacity\" \/>\n<p>\u00a0<\/p>\n\t\t\t\t\t\t\t\t<\/div>\n\t\t\t\t\t<\/div>\n\t\t\t\t<\/div>\n\t\t\t\t<\/div>","protected":false},"excerpt":{"rendered":"<p>\u00a0 Politique d&rsquo;Utilisation des Cookies Date de la derni\u00e8re mise \u00e0 jour : 01\/12\/20225 1. Qu&rsquo;est-ce qu&rsquo;un Cookie ? Un cookie est un petit fichier texte ou traceur d\u00e9pos\u00e9 sur &hellip; <a href=\"https:\/\/bangkokherping.com\/es\/politique-dutilisation-des-cookies\/\" class=\"more-link\">Seguir leyendo <span class=\"screen-reader-text\">Pol\u00edtica de uso de cookies<\/span><\/a><\/p>","protected":false},"author":1,"featured_media":0,"parent":0,"menu_order":0,"comment_status":"closed","ping_status":"closed","template":"","meta":{"footnotes":""},"class_list":["post-15151","page","type-page","status-publish","hentry"],"_links":{"self":[{"href":"https:\/\/bangkokherping.com\/es\/wp-json\/wp\/v2\/pages\/15151","targetHints":{"allow":["GET"]}}],"collection":[{"href":"https:\/\/bangkokherping.com\/es\/wp-json\/wp\/v2\/pages"}],"about":[{"href":"https:\/\/bangkokherping.com\/es\/wp-json\/wp\/v2\/types\/page"}],"author":[{"embeddable":true,"href":"https:\/\/bangkokherping.com\/es\/wp-json\/wp\/v2\/users\/1"}],"replies":[{"embeddable":true,"href":"https:\/\/bangkokherping.com\/es\/wp-json\/wp\/v2\/comments?post=15151"}],"version-history":[{"count":4,"href":"https:\/\/bangkokherping.com\/es\/wp-json\/wp\/v2\/pages\/15151\/revisions"}],"predecessor-version":[{"id":15310,"href":"https:\/\/bangkokherping.com\/es\/wp-json\/wp\/v2\/pages\/15151\/revisions\/15310"}],"wp:attachment":[{"href":"https:\/\/bangkokherping.com\/es\/wp-json\/wp\/v2\/media?parent=15151"}],"curies":[{"name":"wp","href":"https:\/\/api.w.org\/{rel}","templated":true}]}}