{"id":15151,"date":"2025-10-24T17:43:01","date_gmt":"2025-10-24T17:43:01","guid":{"rendered":"https:\/\/bangkokherping.com\/?page_id=15151"},"modified":"2025-10-31T02:57:28","modified_gmt":"2025-10-31T02:57:28","slug":"politique-dutilisation-des-cookies","status":"publish","type":"page","link":"https:\/\/bangkokherping.com\/de\/politique-dutilisation-des-cookies\/","title":{"rendered":"Richtlinien zur Verwendung von Cookies"},"content":{"rendered":"<div data-elementor-type=\"wp-page\" data-elementor-id=\"15151\" class=\"elementor elementor-15151\">\n\t\t\t\t<div class=\"elementor-element elementor-element-24ed72ba e-flex e-con-boxed e-con e-parent\" data-id=\"24ed72ba\" data-element_type=\"container\">\n\t\t\t\t\t<div class=\"e-con-inner\">\n\t\t\t\t<div class=\"elementor-element elementor-element-7dc67c2e elementor-widget elementor-widget-text-editor\" data-id=\"7dc67c2e\" data-element_type=\"widget\" data-widget_type=\"text-editor.default\">\n\t\t\t\t\t\t\t\t\t\n<p>\u00a0<\/p>\n<hr class=\"wp-block-separator has-alpha-channel-opacity\" \/>\n<h1 class=\"wp-block-heading\">Richtlinien zur Verwendung von Cookies<\/h1>\n\n<p>Datum der letzten Aktualisierung: 01\/12\/20225<\/p>\n\n<h2 class=\"wp-block-heading\">1. Was ist ein Cookie?<\/h2>\n\n<p>Ein Cookie ist eine kleine Text- oder Trackingdatei, die auf Ihrem Endger\u00e4t (Computer, Tablet, Smartphone) abgelegt wird, wenn Sie unsere Website [bangkokherping.com] (die \u00abWebsite\u00bb) besuchen. Diese Dateien erm\u00f6glichen es dem Herausgeber der Website, Informationen \u00fcber Ihre Navigation zu lesen und zu speichern.<\/p>\n\n<p>Cookies k\u00f6nnen verschiedene Zwecke erf\u00fcllen: Sie k\u00f6nnen Ihre Kundenkennung speichern, Ihr Surfverhalten f\u00fcr statistische oder Werbezwecke nachverfolgen usw.<\/p>\n\n<h2 class=\"wp-block-heading\">2. Unsere Verwendung von Cookies<\/h2>\n\n<p>Wir verwenden Cookies f\u00fcr die folgenden Zwecke:<\/p>\n\n<figure class=\"wp-block-table\">\n<table class=\"has-fixed-layout\">\n<thead>\n<tr>\n<td>Cookie-Kategorie<\/td>\n<td>Zweck<\/td>\n<td>Ben\u00f6tigt Ihre Zustimmung?<\/td>\n<\/tr>\n<\/thead>\n<tbody>\n<tr>\n<td>Unbedingt notwendige Cookies (Technisch)<\/td>\n<td>Erm\u00f6glichen das reibungslose Funktionieren der Website. Beispiele: Speicherung Ihres Warenkorbs, Verwaltung der Benutzersitzung, Sicherheit.<\/td>\n<td>NEIN (Wesentlich f\u00fcr den Dienst)<\/td>\n<\/tr>\n<tr>\n<td>Cookies zur Messung der Besucherzahlen (Analytics)<\/td>\n<td>Erm\u00f6glichen die Erstellung anonymer Besuchs- und Nutzungsstatistiken (Anzahl der Besuche, aufgerufene Seiten, Herkunft des Datenverkehrs), um die Ergonomie und den Inhalt der Website zu verbessern.<\/td>\n<td>JA<\/td>\n<\/tr>\n<tr>\n<td>Cookies f\u00fcr Werbung (Targeting)<\/td>\n<td>Erm\u00f6glichen es uns, Ihnen relevante und auf Ihre Interessen zugeschnittene Werbung sowohl auf unserer Website als auch auf Websites Dritter anzubieten.<\/td>\n<td>JA<\/td>\n<\/tr>\n<tr>\n<td>Cookies von sozialen Netzwerken<\/td>\n<td>Erm\u00f6glichen die Integration von sozialen Modulen (Share-Buttons, Widgets), die es erm\u00f6glichen, Inhalte der Website mit anderen Personen zu teilen.<\/td>\n<td>ODER<strong>I<\/strong><\/td>\n<\/tr>\n<\/tbody>\n<\/table>\n<\/figure>\n\n<h2 class=\"wp-block-heading\">3. Die Arten von Cookies, die wir verwenden<\/h2>\n\n<p>Wir verwenden sowohl interne Cookies als auch Cookies von Drittanbietern :<\/p>\n\n<ul class=\"wp-block-list\">\n<li>Interne Cookies (oder \u00abfirst party\u00bb): Sie werden direkt von unserer Website abgelegt und von uns nur f\u00fcr den Betrieb und die Verbesserung der Website verwendet.<\/li>\n\n<li>Cookies von Drittanbietern: Sie werden von Partnern (wie Google Analytics, soziale Netzwerke, Werbeplattformen) \u00fcber Tools abgelegt, die auf unseren Seiten integriert sind. Diese Drittanbieter fungieren als Datenverarbeiter und verwalten die gesammelten Daten gem\u00e4\u00df ihren eigenen Datenschutzrichtlinien.<\/li>\n<\/ul>\n\n<figure class=\"wp-block-table\">\n<table class=\"has-fixed-layout\">\n<thead>\n<tr>\n<td>Name des Drittdienstes<\/td>\n<td>Art des Cookies<\/td>\n<td>Link zu ihrer Datenschutzrichtlinie<\/td>\n<\/tr>\n<\/thead>\n<tbody>\n<tr>\n<td>Google Analytics<\/td>\n<td>Messung des Publikums<\/td>\n<td>[Link zur Google-Richtlinie]<\/td>\n<\/tr>\n<tr>\n<td>Facebook \/ Meta Pixel<\/td>\n<td>Werbung, Soziale Netzwerke<\/td>\n<td>[Link zur Meta-Politik]<\/td>\n<\/tr>\n<tr>\n<td>\u00a0<\/td>\n<td>\u00a0<\/td>\n<td>\u00a0<\/td>\n<\/tr>\n<\/tbody>\n<\/table>\n<\/figure>\n\n<h2 class=\"wp-block-heading\">4. Ihre Wahlm\u00f6glichkeiten in Bezug auf Cookies<\/h2>\n\n<p>Gem\u00e4\u00df den gesetzlichen Bestimmungen (DSGVO und E-Privacy-Richtlinien) k\u00f6nnen Cookies, die f\u00fcr den Betrieb der Website nicht unbedingt erforderlich sind, nicht ohne Ihre ausdr\u00fcckliche Zustimmung abgelegt werden.<\/p>\n\n<p>Sie haben mehrere M\u00f6glichkeiten, die Hinterlegung von Cookies zu verwalten, zu akzeptieren oder abzulehnen:<\/p>\n\n<h3 class=\"wp-block-heading\">A. \u00dcber unser Zustimmungsbanner<\/h3>\n\n<p>Bei Ihrem ersten Besuch auf unserer Website wird Ihnen ein Informationsbanner :<\/p>\n\n<ol class=\"wp-block-list\" start=\"1\">\n<li>Akzeptieren Sie alle Cookies.<\/li>\n\n<li>Alle Cookies ablehnen (mit Ausnahme der unbedingt erforderlichen Cookies).<\/li>\n\n<li>Personalisieren Sie Ihre Auswahl nach Zweckkategorien oder Abteilungen.<\/li>\n<\/ol>\n\n<p>Sie k\u00f6nnen Ihre Einwilligungspr\u00e4ferenzen jederzeit \u00e4ndern, indem Sie auf den Link [Link zum Cookie-Management-Tool] klicken (oft in der Fu\u00dfzeile der Seite zu finden).<\/p>\n\n<h3 class=\"wp-block-heading\">B. \u00dcber die Einstellungen Ihres Browsers<\/h3>\n\n<p>Sie k\u00f6nnen Ihre Browser-Software so einstellen, dass Cookies in Ihrem Endger\u00e4t gespeichert oder im Gegenteil abgelehnt werden. Die Einstellung ist bei jedem Browser unterschiedlich. In der Regel finden Sie diese Option in den Men\u00fcs \u00abHilfe\u00bb, \u00abExtras\u00bb oder \u00abEinstellungen\u00bb Ihres Browsers :<\/p>\n\n<ul class=\"wp-block-list\">\n<li>Chrome: [Google Chrome Support]<\/li>\n\n<li>Firefox: [Mozilla Firefox Support].<\/li>\n\n<li>Safari: [Apple Safari Support]<\/li>\n\n<li>Edge\/Internet Explorer: [Microsoft Support].<\/li>\n<\/ul>\n\n<p>Achtung: Die Ablehnung der Installation eines Cookies kann dazu f\u00fchren, dass Sie auf bestimmte Dienste oder Funktionen der Website nicht zugreifen k\u00f6nnen. Wir haften nicht f\u00fcr die Folgen, die mit der Beeintr\u00e4chtigung des Betriebs der Website aufgrund Ihrer Ablehnung verbunden sind.<\/p>\n\n<h2 class=\"wp-block-heading\">5. Dauer der Aufbewahrung<\/h2>\n\n<p>Die von uns hinterlegten Cookies haben eine maximale G\u00fcltigkeitsdauer von 13 Monaten ab dem Datum, an dem sie zum ersten Mal hinterlegt wurden. Nach Ablauf dieser Frist werden Sie erneut um Ihre Zustimmung gebeten.<\/p>\n\n<h2 class=\"wp-block-heading\">6. Weitere Informationen<\/h2>\n\n<p>Bei Fragen zu dieser Cookie-Richtlinie k\u00f6nnen Sie sich an unseren Verantwortlichen f\u00fcr die Datenverarbeitung wenden :<\/p>\n\n<ul class=\"wp-block-list\">\n<li>E-Mail-Adresse: bangkokherping.com<\/li>\n<\/ul>\n\n<p>Weitere Informationen zu Cookies und Trackern finden Sie auf der Website der zust\u00e4ndigen Aufsichtsbeh\u00f6rde (z. B. CNIL in Frankreich).<\/p>\n<hr class=\"wp-block-separator has-alpha-channel-opacity\" \/>\n<p>\u00a0<\/p>\n\t\t\t\t\t\t\t\t<\/div>\n\t\t\t\t\t<\/div>\n\t\t\t\t<\/div>\n\t\t\t\t<\/div>","protected":false},"excerpt":{"rendered":"<p>\u00a0 Politique d&rsquo;Utilisation des Cookies Date de la derni\u00e8re mise \u00e0 jour : 01\/12\/20225 1. Qu&rsquo;est-ce qu&rsquo;un Cookie ? Un cookie est un petit fichier texte ou traceur d\u00e9pos\u00e9 sur &hellip; <a href=\"https:\/\/bangkokherping.com\/de\/politique-dutilisation-des-cookies\/\" class=\"more-link\">Continue reading <span class=\"screen-reader-text\">Richtlinien zur Verwendung von Cookies<\/span><\/a><\/p>","protected":false},"author":1,"featured_media":0,"parent":0,"menu_order":0,"comment_status":"closed","ping_status":"closed","template":"","meta":{"footnotes":""},"class_list":["post-15151","page","type-page","status-publish","hentry"],"_links":{"self":[{"href":"https:\/\/bangkokherping.com\/de\/wp-json\/wp\/v2\/pages\/15151","targetHints":{"allow":["GET"]}}],"collection":[{"href":"https:\/\/bangkokherping.com\/de\/wp-json\/wp\/v2\/pages"}],"about":[{"href":"https:\/\/bangkokherping.com\/de\/wp-json\/wp\/v2\/types\/page"}],"author":[{"embeddable":true,"href":"https:\/\/bangkokherping.com\/de\/wp-json\/wp\/v2\/users\/1"}],"replies":[{"embeddable":true,"href":"https:\/\/bangkokherping.com\/de\/wp-json\/wp\/v2\/comments?post=15151"}],"version-history":[{"count":4,"href":"https:\/\/bangkokherping.com\/de\/wp-json\/wp\/v2\/pages\/15151\/revisions"}],"predecessor-version":[{"id":15310,"href":"https:\/\/bangkokherping.com\/de\/wp-json\/wp\/v2\/pages\/15151\/revisions\/15310"}],"wp:attachment":[{"href":"https:\/\/bangkokherping.com\/de\/wp-json\/wp\/v2\/media?parent=15151"}],"curies":[{"name":"wp","href":"https:\/\/api.w.org\/{rel}","templated":true}]}}