{"id":15149,"date":"2025-10-24T17:42:06","date_gmt":"2025-10-24T17:42:06","guid":{"rendered":"https:\/\/bangkokherping.com\/?page_id=15149"},"modified":"2025-10-31T02:59:56","modified_gmt":"2025-10-31T02:59:56","slug":"conditions-generales-dutilisation","status":"publish","type":"page","link":"https:\/\/bangkokherping.com\/de\/conditions-generales-dutilisation\/","title":{"rendered":"Allgemeine Nutzungsbedingungen"},"content":{"rendered":"<div data-elementor-type=\"wp-page\" data-elementor-id=\"15149\" class=\"elementor elementor-15149\">\n\t\t\t\t<div class=\"elementor-element elementor-element-25f67162 e-flex e-con-boxed e-con e-parent\" data-id=\"25f67162\" data-element_type=\"container\">\n\t\t\t\t\t<div class=\"e-con-inner\">\n\t\t\t\t<div class=\"elementor-element elementor-element-23c225b1 elementor-widget elementor-widget-text-editor\" data-id=\"23c225b1\" data-element_type=\"widget\" data-widget_type=\"text-editor.default\">\n\t\t\t\t\t\t\t\t\t\n<h1 class=\"wp-block-heading\">Allgemeine Nutzungsbedingungen (ANB)<\/h1>\n\n<p>Datum der letzten Aktualisierung: 01.12.2025<\/p>\n\n<h2 class=\"wp-block-heading\">Artikel 1: Gegenstand<\/h2>\n\n<p>Die vorliegenden Allgemeinen Nutzungsbedingungen (nachfolgend \u00abANB\u00bb) haben zum Ziel, die Modalit\u00e4ten und Bedingungen festzulegen, unter denen [Bangkok Herping Tour\u00bb) ihren Nutzern (nachfolgend \u2019Nutzer\u00ab) die Website Bangkokherping.com (nachfolgend \u00bbWebsite\u00ab) und\/oder die damit verbundenen Dienste zur Verf\u00fcgung stellt, sowie die Art und Weise, wie der Nutzer auf diese Dienste zugreift und sie nutzt.<\/p>\n\n<p>Jede Verbindung mit der Website und\/oder Nutzung der von ihr angebotenen Dienste setzt die vorbehaltlose Annahme der vorliegenden ANB durch den Nutzer voraus.<\/p>\n\n<h2 class=\"wp-block-heading\">Artikel 2: Definitionen<\/h2>\n\n<ul class=\"wp-block-list\">\n<li>Website: bezeichnet die Website, die unter der Adresse Bangkokherping.com zug\u00e4nglich ist (und\/oder die mobile Anwendung, falls zutreffend).<\/li>\n\n<li>Nutzer: bezeichnet jede Person, die die Website oder einen der angebotenen Dienste nutzt.<\/li>\n\n<li>Herausgeber: bezeichnet das Unternehmen Bangkok Herping Tour, das f\u00fcr die Ver\u00f6ffentlichung und den Betrieb der Website verantwortlich ist.<\/li>\n\n<li>Dienste: bezeichnen die Gesamtheit der Funktionalit\u00e4ten und Dienste, die der Herausgeber auf der Website zur Verf\u00fcgung stellt (Beispiele: Konsultation von Artikeln, Einrichtung eines Kontos, Forum usw.).<\/li>\n<\/ul>\n\n<h2 class=\"wp-block-heading\">Artikel 3: Rechtliche Hinweise<\/h2>\n\n<p>Die Website wird herausgegeben von :<\/p>\n\n<ul class=\"wp-block-list\">\n<li>Bangkok Herping Tour Co.Ltd \/ Bangkok<\/li>\n<\/ul>\n\n<p>Die Website wird gehostet von :<\/p>\n\n<ul class=\"wp-block-list\">\n<li>OVH \/ 2 rue Kellermann - BP 80157 - 59053 Roubaix Cedex 1 - Frankreich<\/li>\n<\/ul>\n\n<h2 class=\"wp-block-heading\">Artikel 4: Zugang und Anmeldung<\/h2>\n\n<h3 class=\"wp-block-heading\">4.1. Zugang zur Website<\/h3>\n\n<p>Die Website ist f\u00fcr jeden Nutzer, der \u00fcber einen Internetzugang verf\u00fcgt, kostenlos zug\u00e4nglich. Alle mit dem Zugang verbundenen Kosten (Computerhardware, Software, Internetverbindung) gehen ausschlie\u00dflich zu Lasten des Nutzers.<\/p>\n\n<h3 class=\"wp-block-heading\">4.2 Anmeldung und Benutzerkonto<\/h3>\n\n<p>Die Nutzung bestimmter Dienste erfordert die Einrichtung eines Kontos. Bei der Registrierung verpflichtet sich der Nutzer, genaue und vollst\u00e4ndige Informationen anzugeben und diese auf dem neuesten Stand zu halten. Der Benutzername und das Passwort sind pers\u00f6nlich und vertraulich. Der Nutzer ist allein f\u00fcr ihre Verwendung verantwortlich und verpflichtet sich, den Ver\u00f6ffentlicher unverz\u00fcglich \u00fcber jede unbefugte Verwendung zu informieren.<\/p>\n\n<h2 class=\"wp-block-heading\">Artikel 5: Nutzung der Website und Pflichten des Nutzers<\/h2>\n\n<p>Der Nutzer verpflichtet sich, die Website und die Dienste auf faire und rechtm\u00e4\u00dfige Weise und in \u00dcbereinstimmung mit den vorliegenden AGB zu nutzen.<\/p>\n\n<p>Dem Nutzer ist insbesondere Folgendes untersagt:<\/p>\n\n<ul class=\"wp-block-list\">\n<li>Die Website zu illegalen oder betr\u00fcgerischen Zwecken zu nutzen.<\/li>\n\n<li>Gegen die \u00f6ffentliche Ordnung oder die guten Sitten versto\u00dfen.<\/li>\n\n<li>Unerlaubte, sch\u00e4dliche, bedrohliche, beleidigende, verleumderische oder obsz\u00f6ne Inhalte zu ver\u00f6ffentlichen, zu \u00fcbertragen oder verf\u00fcgbar zu machen.<\/li>\n\n<li>Der Versuch, in die Systeme des Publishers einzudringen, diese zu st\u00f6ren oder Sicherheitsl\u00fccken auszunutzen.<\/li>\n\n<li>Pers\u00f6nliche Informationen von anderen Nutzern ohne deren ausdr\u00fcckliche Zustimmung zu extrahieren oder zu sammeln.<\/li>\n<\/ul>\n\n<p>Der Ver\u00f6ffentlicher beh\u00e4lt sich das Recht vor, das Konto des Nutzers zu sperren oder zu l\u00f6schen und ihm den Zugang zur Website zu verweigern, wenn er gegen die in diesem Artikel festgelegten Verpflichtungen verst\u00f6\u00dft.<\/p>\n\n<h2 class=\"wp-block-heading\">Artikel 6: Geistiges Eigentum<\/h2>\n\n<p>Alle Elemente der Website (Texte, Bilder, Grafiken, Logos, Marken usw.), einschlie\u00dflich der zugrunde liegenden Technologie, sind urheberrechtlich und\/oder markenrechtlich gesch\u00fctzt und das alleinige Eigentum des Herausgebers oder werden mit Genehmigung ihrer Eigent\u00fcmer verwendet.<\/p>\n\n<p>Jede Vervielf\u00e4ltigung, Darstellung, \u00c4nderung, Ver\u00f6ffentlichung und Anpassung aller oder eines Teils der Elemente der Website, unabh\u00e4ngig von den verwendeten Mitteln oder Verfahren, ist ohne vorherige schriftliche Genehmigung des Herausgebers untersagt.<\/p>\n\n<h2 class=\"wp-block-heading\">Artikel 7: Verantwortlichkeit<\/h2>\n\n<h3 class=\"wp-block-heading\">7.1. Verantwortung des Herausgebers<\/h3>\n\n<p>Der Herausgeber bem\u00fcht sich nach besten Kr\u00e4ften, den Zugang und das reibungslose Funktionieren der Website und der Dienste zu gew\u00e4hrleisten. Er ist jedoch nicht verpflichtet, Ergebnisse zu erzielen und lehnt jede Haftung ab:<\/p>\n\n<ul class=\"wp-block-list\">\n<li>Im Falle einer Unterbrechung, eines Ausfalls, einer \u00c4nderung oder einer Fehlfunktion der Website.<\/li>\n\n<li>Im Falle eines Schadens, der aus einem betr\u00fcgerischen Eindringen eines Dritten resultiert, das zu einer \u00c4nderung der auf der Website zur Verf\u00fcgung gestellten Informationen gef\u00fchrt hat.<\/li>\n\n<li>Im Falle von Sch\u00e4den, die der Nutzer aufgrund von Fahrl\u00e4ssigkeit oder unsachgem\u00e4\u00dfer Nutzung der Website verursacht hat.<\/li>\n<\/ul>\n\n<h3 class=\"wp-block-heading\">7.2. Vom Nutzer ver\u00f6ffentlichte Inhalte (falls zutreffend)<\/h3>\n\n<p>Der Nutzer ist allein verantwortlich f\u00fcr die Inhalte (Texte, Bilder, Links usw.), die er auf der Website ver\u00f6ffentlicht. Der Herausgeber fungiert als Host dieser Inhalte und beh\u00e4lt sich das Recht vor, jeden offensichtlich rechtswidrigen Inhalt ohne vorherige Ank\u00fcndigung zu entfernen.<\/p>\n\n<h2 class=\"wp-block-heading\">Artikel 8: Hyperlinks<\/h2>\n\n<p>Die Website kann Hyperlinks zu Websites Dritter enthalten. Der Herausgeber ist nicht f\u00fcr die Verf\u00fcgbarkeit oder den Inhalt dieser Websites verantwortlich und \u00fcbernimmt keine Verantwortung f\u00fcr Produkte, Dienstleistungen oder Informationen, die auf oder \u00fcber diese Websites verf\u00fcgbar sind.<\/p>\n\n<h2 class=\"wp-block-heading\">Artikel 9: \u00c4nderungen der AGB<\/h2>\n\n<p>Der Herausgeber beh\u00e4lt sich das Recht vor, die vorliegenden ANB jederzeit zu \u00e4ndern. Im Falle einer wesentlichen \u00c4nderung wird der Nutzer auf jegliche Art und Weise informiert (Benachrichtigung auf der Website, E-Mail). Die ge\u00e4nderte Version wird ab dem Zeitpunkt ihrer Ver\u00f6ffentlichung wirksam. Die fortgesetzte Nutzung der Website nach der Ver\u00f6ffentlichung der \u00c4nderungen gilt als Zustimmung zu den neuen AGB.<\/p>\n\n<h2 class=\"wp-block-heading\">Artikel 10: Anwendbares Recht und zust\u00e4ndiges Gericht<\/h2>\n\n<p>Die vorliegenden ANB unterliegen dem franz\u00f6sischen Recht.<\/p>\n\n<p>Alle Streitigkeiten, die nicht g\u00fctlich beigelegt werden k\u00f6nnen, werden :<\/p>\n\n<ul class=\"wp-block-list\">\n<li>Entweder an die Verbraucherschlichtung (wenn der Nutzer ein Verbraucher ist und dies gesetzlich vorgeschrieben ist).<\/li>\n\n<li>Oder an die f\u00fcr den Verbraucher zust\u00e4ndigen Gerichte, je nach anwendbarem Recht).<\/li>\n<\/ul>\n<hr class=\"wp-block-separator has-alpha-channel-opacity\" \/>\n<p>\u00a0<\/p>\n\t\t\t\t\t\t\t\t<\/div>\n\t\t\t\t\t<\/div>\n\t\t\t\t<\/div>\n\t\t\t\t<\/div>","protected":false},"excerpt":{"rendered":"<p>Conditions G\u00e9n\u00e9rales d&rsquo;Utilisation (CGU) Date de la derni\u00e8re mise \u00e0 jour : 01\/12\/2025 Article 1 : Objet Les pr\u00e9sentes Conditions G\u00e9n\u00e9rales d&rsquo;Utilisation (ci-apr\u00e8s les \u00ab CGU \u00bb) ont pour objet &hellip; <a href=\"https:\/\/bangkokherping.com\/de\/conditions-generales-dutilisation\/\" class=\"more-link\">Continue reading <span class=\"screen-reader-text\">Allgemeine Nutzungsbedingungen<\/span><\/a><\/p>","protected":false},"author":1,"featured_media":0,"parent":0,"menu_order":0,"comment_status":"closed","ping_status":"closed","template":"","meta":{"footnotes":""},"class_list":["post-15149","page","type-page","status-publish","hentry"],"_links":{"self":[{"href":"https:\/\/bangkokherping.com\/de\/wp-json\/wp\/v2\/pages\/15149","targetHints":{"allow":["GET"]}}],"collection":[{"href":"https:\/\/bangkokherping.com\/de\/wp-json\/wp\/v2\/pages"}],"about":[{"href":"https:\/\/bangkokherping.com\/de\/wp-json\/wp\/v2\/types\/page"}],"author":[{"embeddable":true,"href":"https:\/\/bangkokherping.com\/de\/wp-json\/wp\/v2\/users\/1"}],"replies":[{"embeddable":true,"href":"https:\/\/bangkokherping.com\/de\/wp-json\/wp\/v2\/comments?post=15149"}],"version-history":[{"count":6,"href":"https:\/\/bangkokherping.com\/de\/wp-json\/wp\/v2\/pages\/15149\/revisions"}],"predecessor-version":[{"id":15313,"href":"https:\/\/bangkokherping.com\/de\/wp-json\/wp\/v2\/pages\/15149\/revisions\/15313"}],"wp:attachment":[{"href":"https:\/\/bangkokherping.com\/de\/wp-json\/wp\/v2\/media?parent=15149"}],"curies":[{"name":"wp","href":"https:\/\/api.w.org\/{rel}","templated":true}]}}